{"id":1135946,"date":"2026-04-24T11:27:14","date_gmt":"2026-04-24T08:27:14","guid":{"rendered":"https:\/\/ventspils.citro.lv\/veikals\/sokolades-batonins-piena-ar-zemesr-un-sokol-pild-roshen-38g\/"},"modified":"2026-04-24T11:27:24","modified_gmt":"2026-04-24T08:27:24","slug":"sokolades-batonins-piena-ar-zemesr-un-sokol-pild-roshen-38g","status":"publish","type":"product","link":"https:\/\/ventspils.citro.lv\/ru\/veikals\/sokolades-batonins-piena-ar-zemesr-un-sokol-pild-roshen-38g\/","title":{"rendered":"\u0160okol\u0101des batoni\u0146\u0161 piena ar zemesr.un \u0161okol.pild. Roshen 38g"},"content":{"rendered":"","protected":false},"excerpt":{"rendered":"<p>18.16 \u20ac\/kg<\/p>\n","protected":false},"featured_media":1253308,"template":"","meta":{"_acf_changed":false,"inline_featured_image":false},"product_cat":[556,125],"product_tag":[],"acf":[],"aioseo_notices":[],"_links":{"self":[{"href":"https:\/\/ventspils.citro.lv\/ru\/wp-json\/wp\/v2\/product\/1135946"}],"collection":[{"href":"https:\/\/ventspils.citro.lv\/ru\/wp-json\/wp\/v2\/product"}],"about":[{"href":"https:\/\/ventspils.citro.lv\/ru\/wp-json\/wp\/v2\/types\/product"}],"wp:featuredmedia":[{"embeddable":true,"href":"https:\/\/ventspils.citro.lv\/ru\/wp-json\/wp\/v2\/media\/1253308"}],"wp:attachment":[{"href":"https:\/\/ventspils.citro.lv\/ru\/wp-json\/wp\/v2\/media?parent=1135946"}],"wp:term":[{"taxonomy":"product_cat","embeddable":true,"href":"https:\/\/ventspils.citro.lv\/ru\/wp-json\/wp\/v2\/product_cat?post=1135946"},{"taxonomy":"product_tag","embeddable":true,"href":"https:\/\/ventspils.citro.lv\/ru\/wp-json\/wp\/v2\/product_tag?post=1135946"}],"curies":[{"name":"wp","href":"https:\/\/api.w.org\/{rel}","templated":true}]}}