{"id":1135933,"date":"2026-04-24T11:24:03","date_gmt":"2026-04-24T08:24:03","guid":{"rendered":"https:\/\/ventspils.citro.lv\/veikals\/kafija-skistosa-jacobs-original-2in1-10x12-4g-124g\/"},"modified":"2026-04-24T13:58:00","modified_gmt":"2026-04-24T10:58:00","slug":"kafija-skistosa-jacobs-original-2in1-10x12-4g-124g","status":"publish","type":"product","link":"https:\/\/ventspils.citro.lv\/ru\/veikals\/kafija-skistosa-jacobs-original-2in1-10x12-4g-124g\/","title":{"rendered":"Kafija \u0161\u0137\u012bsto\u0161a Jacobs Original 2in1 10&#215;12.4g 124g"},"content":{"rendered":"<p>Glucose syrup, skimmed milk powder, instant coffee (10%), fully hydrogenated vegetable oil (coconut), stabilisers (E340, E452), milk proteins, emulsifiers (E471, E481), milk minerals powder, acidity regulator (E500).<\/p>\n","protected":false},"excerpt":{"rendered":"<p>13.63 \u20ac\/kg<\/p>\n","protected":false},"featured_media":1253295,"template":"","meta":{"_acf_changed":false,"inline_featured_image":false},"product_cat":[538,142],"product_tag":[],"acf":[],"aioseo_notices":[],"_links":{"self":[{"href":"https:\/\/ventspils.citro.lv\/ru\/wp-json\/wp\/v2\/product\/1135933"}],"collection":[{"href":"https:\/\/ventspils.citro.lv\/ru\/wp-json\/wp\/v2\/product"}],"about":[{"href":"https:\/\/ventspils.citro.lv\/ru\/wp-json\/wp\/v2\/types\/product"}],"wp:featuredmedia":[{"embeddable":true,"href":"https:\/\/ventspils.citro.lv\/ru\/wp-json\/wp\/v2\/media\/1253295"}],"wp:attachment":[{"href":"https:\/\/ventspils.citro.lv\/ru\/wp-json\/wp\/v2\/media?parent=1135933"}],"wp:term":[{"taxonomy":"product_cat","embeddable":true,"href":"https:\/\/ventspils.citro.lv\/ru\/wp-json\/wp\/v2\/product_cat?post=1135933"},{"taxonomy":"product_tag","embeddable":true,"href":"https:\/\/ventspils.citro.lv\/ru\/wp-json\/wp\/v2\/product_tag?post=1135933"}],"curies":[{"name":"wp","href":"https:\/\/api.w.org\/{rel}","templated":true}]}}