{"id":1135923,"date":"2026-05-12T08:27:45","date_gmt":"2026-05-12T05:27:45","guid":{"rendered":"https:\/\/ventspils.citro.lv\/veikals\/konfektes-skriveru-gotina-ar-rupjmaizi-un-dzervenem-250g\/"},"modified":"2026-05-12T08:27:54","modified_gmt":"2026-05-12T05:27:54","slug":"konfektes-skriveru-gotina-ar-rupjmaizi-un-dzervenem-250g","status":"publish","type":"product","link":"https:\/\/ventspils.citro.lv\/ru\/veikals\/konfektes-skriveru-gotina-ar-rupjmaizi-un-dzervenem-250g\/","title":{"rendered":"Konfektes Skr\u012bveru Goti\u0146a ar rupjmaizi un dz\u0113rven\u0113m 250g"},"content":{"rendered":"<p>Iebiezin\u0101tais piens [PILNPIENS (70%), cukurs], glikozes s\u012brups, r\u012bvmaize 7 % (rupja maluma RUDZU milti, dab\u012bgs ieraugs (RUDZU milti, \u016bdens), cukurs, RUDZU iesals, \u0137imenes, p\u0101rtikas s\u0101ls, kartupe\u013cu ciete), kalt\u0113tas dz\u0113rvenes 4 % (dz\u0113rvenes, cukurs, saulespu\u0137u e\u013c\u013ca), sviests (PIENS). Produkts var satur\u0113t RIEKSTU,  ZEMESREIKSTU, SEZAMA da\u013ci\u0146as.<\/p>\n","protected":false},"excerpt":{"rendered":"<p>15.96 \u20ac\/kg<\/p>\n","protected":false},"featured_media":1259916,"template":"","meta":{"_acf_changed":false,"inline_featured_image":false},"product_cat":[533,125],"product_tag":[],"acf":[],"aioseo_notices":[],"_links":{"self":[{"href":"https:\/\/ventspils.citro.lv\/ru\/wp-json\/wp\/v2\/product\/1135923"}],"collection":[{"href":"https:\/\/ventspils.citro.lv\/ru\/wp-json\/wp\/v2\/product"}],"about":[{"href":"https:\/\/ventspils.citro.lv\/ru\/wp-json\/wp\/v2\/types\/product"}],"wp:featuredmedia":[{"embeddable":true,"href":"https:\/\/ventspils.citro.lv\/ru\/wp-json\/wp\/v2\/media\/1259916"}],"wp:attachment":[{"href":"https:\/\/ventspils.citro.lv\/ru\/wp-json\/wp\/v2\/media?parent=1135923"}],"wp:term":[{"taxonomy":"product_cat","embeddable":true,"href":"https:\/\/ventspils.citro.lv\/ru\/wp-json\/wp\/v2\/product_cat?post=1135923"},{"taxonomy":"product_tag","embeddable":true,"href":"https:\/\/ventspils.citro.lv\/ru\/wp-json\/wp\/v2\/product_tag?post=1135923"}],"curies":[{"name":"wp","href":"https:\/\/api.w.org\/{rel}","templated":true}]}}