{"id":1134626,"date":"2026-02-24T02:55:01","date_gmt":"2026-02-24T00:55:01","guid":{"rendered":"https:\/\/ventspils.citro.lv\/veikals\/pankuka-ar-sokoladi-citro\/"},"modified":"2026-02-24T02:55:11","modified_gmt":"2026-02-24T00:55:11","slug":"pankuka-ar-sokoladi-citro","status":"publish","type":"product","link":"https:\/\/ventspils.citro.lv\/ru\/veikals\/pankuka-ar-sokoladi-citro\/","title":{"rendered":"Pank\u016bka ar \u0161okol\u0101di Citro"},"content":{"rendered":"<p>Sast\u0101vda\u013cas: m\u012bkla (\u016bdens, KVIE\u0160U  milti, OLAS, augu e\u013c\u013ca, cukurs, sk\u0101bais KR\u0112JUMS, kakao,  p\u0101rtikas s\u0101ls), pild\u012bjums (kr\u0113ms ar kakao un lazdu riekstiem (cukurs, augu tauki [palmu], augu e\u013c\u013ca [saulespu\u0137u], kakao ar samazin\u0101tu tauku saturu, S\u016aKALU pulveris, LAZDU rieksti,   PILNPIENA pulveris, emulgatori: E322 [SOJA], E492, E471; aromatiz\u0113t\u0101js  ),  ZEMESRIEKSTI ).  100 g produkta satur : ener\u0123\u0113tisk\u0101 v\u0113rt\u012bba 2116KJ\/511kcal,  tauki 39 g, tostarp pies\u0101tin\u0101t\u0101s tauksk\u0101bes 7,4 g, og\u013chidr\u0101ti 31,3 g, tostarp cukurs 18,9 g , olbaltumvielas 3 g, \u0161\u0137iedrvielas 7,5 g , s\u0101ls 1,2 g. Uzglab\u0101\u0161anas temperat\u016bra : +2..+6C.Ra\u0161ot\u0101js SIA Di\u0101na-Bistro. Andreja iela5, Ventspils, Latvija.<\/p>\n","protected":false},"excerpt":{"rendered":"<p>9.50 \u20ac\/kg<\/p>\n","protected":false},"featured_media":1213593,"template":"","meta":{"_acf_changed":false,"inline_featured_image":false},"product_cat":[531,113],"product_tag":[],"acf":[],"aioseo_notices":[],"_links":{"self":[{"href":"https:\/\/ventspils.citro.lv\/ru\/wp-json\/wp\/v2\/product\/1134626"}],"collection":[{"href":"https:\/\/ventspils.citro.lv\/ru\/wp-json\/wp\/v2\/product"}],"about":[{"href":"https:\/\/ventspils.citro.lv\/ru\/wp-json\/wp\/v2\/types\/product"}],"wp:featuredmedia":[{"embeddable":true,"href":"https:\/\/ventspils.citro.lv\/ru\/wp-json\/wp\/v2\/media\/1213593"}],"wp:attachment":[{"href":"https:\/\/ventspils.citro.lv\/ru\/wp-json\/wp\/v2\/media?parent=1134626"}],"wp:term":[{"taxonomy":"product_cat","embeddable":true,"href":"https:\/\/ventspils.citro.lv\/ru\/wp-json\/wp\/v2\/product_cat?post=1134626"},{"taxonomy":"product_tag","embeddable":true,"href":"https:\/\/ventspils.citro.lv\/ru\/wp-json\/wp\/v2\/product_tag?post=1134626"}],"curies":[{"name":"wp","href":"https:\/\/api.w.org\/{rel}","templated":true}]}}