{"id":1134625,"date":"2026-02-24T02:55:01","date_gmt":"2026-02-24T00:55:01","guid":{"rendered":"https:\/\/ventspils.citro.lv\/veikals\/pankuka-ar-biezpienu-un-bananu-citro\/"},"modified":"2026-04-17T12:40:26","modified_gmt":"2026-04-17T09:40:26","slug":"pankuka-ar-biezpienu-un-bananu-citro","status":"publish","type":"product","link":"https:\/\/ventspils.citro.lv\/ru\/veikals\/pankuka-ar-biezpienu-un-bananu-citro\/","title":{"rendered":"Pank\u016bka ar biezpienu un ban\u0101nu Citro"},"content":{"rendered":"<p>Sast\u0101vda\u013cas: m\u012bkla (\u016bdens, KVIE\u0160U  milti, OLAS, augu e\u013c\u013ca, cukurs, sk\u0101bais KR\u0112JUMS, p\u0101rtikas s\u0101ls, kakao), pild\u012bjums (biezpiens V\u0100JPIENA, ban\u0101ns, cukurs, OLAS). 100 g produkta satur : ener\u0123\u0113tisk\u0101 v\u0113rt\u012bba 1699KJ\/408kcal,  tauki 30 g, tostarp pies\u0101tin\u0101t\u0101s tauksk\u0101bes 4,7 g, og\u013chidr\u0101ti 24,5 g, tostarp cukurs 10,7 g , olbaltumvielas 1,5 g, \u0161\u0137iedrvielas 10 g, s\u0101ls 1,3 g. Uzglab\u0101\u0161anas temperat\u016bra : +2..+6C.  Ra\u0161ot\u0101js SIA Di\u0101na-Bistro. Andreja iela5, Ventspils, Latvija.<\/p>\n","protected":false},"excerpt":{"rendered":"<p>9.50 \u20ac\/kg<\/p>\n","protected":false},"featured_media":1213592,"template":"","meta":{"_acf_changed":false,"inline_featured_image":false},"product_cat":[531,113],"product_tag":[],"acf":[],"aioseo_notices":[],"_links":{"self":[{"href":"https:\/\/ventspils.citro.lv\/ru\/wp-json\/wp\/v2\/product\/1134625"}],"collection":[{"href":"https:\/\/ventspils.citro.lv\/ru\/wp-json\/wp\/v2\/product"}],"about":[{"href":"https:\/\/ventspils.citro.lv\/ru\/wp-json\/wp\/v2\/types\/product"}],"wp:featuredmedia":[{"embeddable":true,"href":"https:\/\/ventspils.citro.lv\/ru\/wp-json\/wp\/v2\/media\/1213592"}],"wp:attachment":[{"href":"https:\/\/ventspils.citro.lv\/ru\/wp-json\/wp\/v2\/media?parent=1134625"}],"wp:term":[{"taxonomy":"product_cat","embeddable":true,"href":"https:\/\/ventspils.citro.lv\/ru\/wp-json\/wp\/v2\/product_cat?post=1134625"},{"taxonomy":"product_tag","embeddable":true,"href":"https:\/\/ventspils.citro.lv\/ru\/wp-json\/wp\/v2\/product_tag?post=1134625"}],"curies":[{"name":"wp","href":"https:\/\/api.w.org\/{rel}","templated":true}]}}