{"id":1129677,"date":"2026-04-10T09:54:14","date_gmt":"2026-04-10T06:54:14","guid":{"rendered":"https:\/\/ventspils.citro.lv\/veikals\/risu-nudelu-zupa-ar-liellopu-garsu-pho-oh-70g\/"},"modified":"2026-04-10T09:54:19","modified_gmt":"2026-04-10T06:54:19","slug":"risu-nudelu-zupa-ar-liellopu-garsu-pho-oh-70g","status":"publish","type":"product","link":"https:\/\/ventspils.citro.lv\/ru\/veikals\/risu-nudelu-zupa-ar-liellopu-garsu-pho-oh-70g\/","title":{"rendered":"R\u012bsu n\u016bde\u013cu zupa ar liellopu gar\u0161u PHO OH! 70g"},"content":{"rendered":"","protected":false},"excerpt":{"rendered":"<p>13.57 \u20ac\/kg<\/p>\n","protected":false},"featured_media":1244267,"template":"","meta":{"_acf_changed":false,"inline_featured_image":false},"product_cat":[111,138],"product_tag":[],"acf":[],"aioseo_notices":[],"_links":{"self":[{"href":"https:\/\/ventspils.citro.lv\/ru\/wp-json\/wp\/v2\/product\/1129677"}],"collection":[{"href":"https:\/\/ventspils.citro.lv\/ru\/wp-json\/wp\/v2\/product"}],"about":[{"href":"https:\/\/ventspils.citro.lv\/ru\/wp-json\/wp\/v2\/types\/product"}],"wp:featuredmedia":[{"embeddable":true,"href":"https:\/\/ventspils.citro.lv\/ru\/wp-json\/wp\/v2\/media\/1244267"}],"wp:attachment":[{"href":"https:\/\/ventspils.citro.lv\/ru\/wp-json\/wp\/v2\/media?parent=1129677"}],"wp:term":[{"taxonomy":"product_cat","embeddable":true,"href":"https:\/\/ventspils.citro.lv\/ru\/wp-json\/wp\/v2\/product_cat?post=1129677"},{"taxonomy":"product_tag","embeddable":true,"href":"https:\/\/ventspils.citro.lv\/ru\/wp-json\/wp\/v2\/product_tag?post=1129677"}],"curies":[{"name":"wp","href":"https:\/\/api.w.org\/{rel}","templated":true}]}}