{"id":1129147,"date":"2026-02-13T09:52:32","date_gmt":"2026-02-13T07:52:32","guid":{"rendered":"https:\/\/ventspils.citro.lv\/veikals\/zeleja-ar-citronu-garsu-un-vitaminiem-valdo-80g\/"},"modified":"2026-03-20T22:52:29","modified_gmt":"2026-03-20T20:52:29","slug":"zeleja-ar-citronu-garsu-un-vitaminiem-valdo-80g","status":"publish","type":"product","link":"https:\/\/ventspils.citro.lv\/ru\/veikals\/zeleja-ar-citronu-garsu-un-vitaminiem-valdo-80g\/","title":{"rendered":"\u017deleja ar citronu gar\u0161u un vitam\u012bniem Valdo 80g"},"content":{"rendered":"","protected":false},"excerpt":{"rendered":"<p>8.63 \u20ac\/kg<\/p>\n","protected":false},"featured_media":1209375,"template":"","meta":{"_acf_changed":false,"inline_featured_image":false},"product_cat":[237,116],"product_tag":[],"acf":[],"aioseo_notices":[],"_links":{"self":[{"href":"https:\/\/ventspils.citro.lv\/ru\/wp-json\/wp\/v2\/product\/1129147"}],"collection":[{"href":"https:\/\/ventspils.citro.lv\/ru\/wp-json\/wp\/v2\/product"}],"about":[{"href":"https:\/\/ventspils.citro.lv\/ru\/wp-json\/wp\/v2\/types\/product"}],"wp:featuredmedia":[{"embeddable":true,"href":"https:\/\/ventspils.citro.lv\/ru\/wp-json\/wp\/v2\/media\/1209375"}],"wp:attachment":[{"href":"https:\/\/ventspils.citro.lv\/ru\/wp-json\/wp\/v2\/media?parent=1129147"}],"wp:term":[{"taxonomy":"product_cat","embeddable":true,"href":"https:\/\/ventspils.citro.lv\/ru\/wp-json\/wp\/v2\/product_cat?post=1129147"},{"taxonomy":"product_tag","embeddable":true,"href":"https:\/\/ventspils.citro.lv\/ru\/wp-json\/wp\/v2\/product_tag?post=1129147"}],"curies":[{"name":"wp","href":"https:\/\/api.w.org\/{rel}","templated":true}]}}