{"id":1129128,"date":"2026-04-10T09:48:55","date_gmt":"2026-04-10T06:48:55","guid":{"rendered":"https:\/\/ventspils.citro.lv\/veikals\/konfektes-koslajamas-mentos-discovery-3pack-112-5g\/"},"modified":"2026-04-10T09:49:00","modified_gmt":"2026-04-10T06:49:00","slug":"konfektes-koslajamas-mentos-discovery-3pack-112-5g","status":"publish","type":"product","link":"https:\/\/ventspils.citro.lv\/ru\/veikals\/konfektes-koslajamas-mentos-discovery-3pack-112-5g\/","title":{"rendered":"Konfektes ko\u0161\u013c\u0101jamas Mentos Discovery 3pack 112.5g"},"content":{"rendered":"","protected":false},"excerpt":{"rendered":"<p>23.02 \u20ac\/kg<\/p>\n","protected":false},"featured_media":1244251,"template":"","meta":{"_acf_changed":false,"inline_featured_image":false},"product_cat":[533,125],"product_tag":[],"acf":[],"aioseo_notices":[],"_links":{"self":[{"href":"https:\/\/ventspils.citro.lv\/ru\/wp-json\/wp\/v2\/product\/1129128"}],"collection":[{"href":"https:\/\/ventspils.citro.lv\/ru\/wp-json\/wp\/v2\/product"}],"about":[{"href":"https:\/\/ventspils.citro.lv\/ru\/wp-json\/wp\/v2\/types\/product"}],"wp:featuredmedia":[{"embeddable":true,"href":"https:\/\/ventspils.citro.lv\/ru\/wp-json\/wp\/v2\/media\/1244251"}],"wp:attachment":[{"href":"https:\/\/ventspils.citro.lv\/ru\/wp-json\/wp\/v2\/media?parent=1129128"}],"wp:term":[{"taxonomy":"product_cat","embeddable":true,"href":"https:\/\/ventspils.citro.lv\/ru\/wp-json\/wp\/v2\/product_cat?post=1129128"},{"taxonomy":"product_tag","embeddable":true,"href":"https:\/\/ventspils.citro.lv\/ru\/wp-json\/wp\/v2\/product_tag?post=1129128"}],"curies":[{"name":"wp","href":"https:\/\/api.w.org\/{rel}","templated":true}]}}