{"id":1129124,"date":"2026-03-31T05:00:36","date_gmt":"2026-03-31T02:00:36","guid":{"rendered":"https:\/\/ventspils.citro.lv\/veikals\/saldejums-mr-big-brukl-un-karamelu-1-4l-680g\/"},"modified":"2026-03-31T05:00:40","modified_gmt":"2026-03-31T02:00:40","slug":"saldejums-mr-big-brukl-un-karamelu-1-4l-680g","status":"publish","type":"product","link":"https:\/\/ventspils.citro.lv\/ru\/veikals\/saldejums-mr-big-brukl-un-karamelu-1-4l-680g\/","title":{"rendered":"Sald\u0113jums Mr.Big br\u016bkl.un karame\u013cu 1.4L\/680g"},"content":{"rendered":"<p>karame\u013cu KR\u0112JUMA sald\u0113jums 43% [\u016bdens, SALDAIS KR\u0112JUMS, karame\u013cu s\u012brups 10% (cukurs, glikozes un fruktozes s\u012brups, \u016bdens), cukurs, V\u0100JPIENA pulveris, SVIESTS, S\u016aKALU pulveris, stabilizatori: ceratoniju aug\u013cu sve\u0137i, gu\u0101ras sve\u0137i; emulgators: tauksk\u0101bju mono- un diglicer\u012bdi, p\u0101rtikas kr\u0101sviela karamele, dab\u012bgais aromatiz\u0113t\u0101js], KR\u0112JUMA sald\u0113jums 38% (\u016bdens, SALDAIS KR\u0112JUMS, cukurs, V\u0100JPIENA pulveris, SVIESTS, S\u016aKALU pulveris, stabilizatori: ceratoniju aug\u013cu sve\u0137i, gu\u0101ras sve\u0137i; emulgators: tauksk\u0101bju mono- un diglicer\u012bdi, aromatiz\u0113t\u0101js: vani\u013ca, vanil\u012bns), br\u016bkle\u0146u pild\u012bjums 19% (cukurs, br\u016bklenes 35%, \u016bdens, glikozes un fruktozes s\u012brups, sk\u0101buma regul\u0113t\u0101js: citronsk\u0101be, citronu sulas koncentr\u0101ts, biezin\u0101t\u0101js: pekt\u012bns, aroniju sulas koncentr\u0101ts, dab\u012bgs aromatiz\u0113t\u0101js).<\/p>\n","protected":false},"excerpt":{"rendered":"<p>11.31 \u20ac\/kg<\/p>\n","protected":false},"featured_media":1238461,"template":"","meta":{"_acf_changed":false,"inline_featured_image":false},"product_cat":[233,546],"product_tag":[],"acf":[],"aioseo_notices":[],"_links":{"self":[{"href":"https:\/\/ventspils.citro.lv\/ru\/wp-json\/wp\/v2\/product\/1129124"}],"collection":[{"href":"https:\/\/ventspils.citro.lv\/ru\/wp-json\/wp\/v2\/product"}],"about":[{"href":"https:\/\/ventspils.citro.lv\/ru\/wp-json\/wp\/v2\/types\/product"}],"wp:featuredmedia":[{"embeddable":true,"href":"https:\/\/ventspils.citro.lv\/ru\/wp-json\/wp\/v2\/media\/1238461"}],"wp:attachment":[{"href":"https:\/\/ventspils.citro.lv\/ru\/wp-json\/wp\/v2\/media?parent=1129124"}],"wp:term":[{"taxonomy":"product_cat","embeddable":true,"href":"https:\/\/ventspils.citro.lv\/ru\/wp-json\/wp\/v2\/product_cat?post=1129124"},{"taxonomy":"product_tag","embeddable":true,"href":"https:\/\/ventspils.citro.lv\/ru\/wp-json\/wp\/v2\/product_tag?post=1129124"}],"curies":[{"name":"wp","href":"https:\/\/api.w.org\/{rel}","templated":true}]}}