{"id":1129118,"date":"2026-05-12T08:39:13","date_gmt":"2026-05-12T05:39:13","guid":{"rendered":"https:\/\/ventspils.citro.lv\/veikals\/ziepes-skidras-dolci-follie-lemonbasil-500ml\/"},"modified":"2026-05-12T08:39:21","modified_gmt":"2026-05-12T05:39:21","slug":"ziepes-skidras-dolci-follie-lemonbasil-500ml","status":"publish","type":"product","link":"https:\/\/ventspils.citro.lv\/ru\/veikals\/ziepes-skidras-dolci-follie-lemonbasil-500ml\/","title":{"rendered":"Ziepes \u0161\u0137idr\u0101s Dolci Follie Lemon&#038;Basil 500ml"},"content":{"rendered":"","protected":false},"excerpt":{"rendered":"<p>2.58 \u20ac\/l<\/p>\n","protected":false},"featured_media":1259961,"template":"","meta":{"_acf_changed":false,"inline_featured_image":false},"product_cat":[601,127],"product_tag":[],"acf":[],"aioseo_notices":[],"_links":{"self":[{"href":"https:\/\/ventspils.citro.lv\/ru\/wp-json\/wp\/v2\/product\/1129118"}],"collection":[{"href":"https:\/\/ventspils.citro.lv\/ru\/wp-json\/wp\/v2\/product"}],"about":[{"href":"https:\/\/ventspils.citro.lv\/ru\/wp-json\/wp\/v2\/types\/product"}],"wp:featuredmedia":[{"embeddable":true,"href":"https:\/\/ventspils.citro.lv\/ru\/wp-json\/wp\/v2\/media\/1259961"}],"wp:attachment":[{"href":"https:\/\/ventspils.citro.lv\/ru\/wp-json\/wp\/v2\/media?parent=1129118"}],"wp:term":[{"taxonomy":"product_cat","embeddable":true,"href":"https:\/\/ventspils.citro.lv\/ru\/wp-json\/wp\/v2\/product_cat?post=1129118"},{"taxonomy":"product_tag","embeddable":true,"href":"https:\/\/ventspils.citro.lv\/ru\/wp-json\/wp\/v2\/product_tag?post=1129118"}],"curies":[{"name":"wp","href":"https:\/\/api.w.org\/{rel}","templated":true}]}}