{"id":1129105,"date":"2026-04-10T09:45:24","date_gmt":"2026-04-10T06:45:24","guid":{"rendered":"https:\/\/ventspils.citro.lv\/veikals\/konfeksu-karba-sokolades-shooters-ar-rumu-roshen-150g\/"},"modified":"2026-04-10T09:45:34","modified_gmt":"2026-04-10T06:45:34","slug":"konfeksu-karba-sokolades-shooters-ar-rumu-roshen-150g","status":"publish","type":"product","link":"https:\/\/ventspils.citro.lv\/ru\/veikals\/konfeksu-karba-sokolades-shooters-ar-rumu-roshen-150g\/","title":{"rendered":"Konfek\u0161u k\u0101rba \u0161okol\u0101des Shooters ar rumu Roshen 150g"},"content":{"rendered":"","protected":false},"excerpt":{"rendered":"<p>23.27 \u20ac\/kg<\/p>\n","protected":false},"featured_media":1244234,"template":"","meta":{"_acf_changed":false,"inline_featured_image":false},"product_cat":[125,200],"product_tag":[],"acf":[],"aioseo_notices":[],"_links":{"self":[{"href":"https:\/\/ventspils.citro.lv\/ru\/wp-json\/wp\/v2\/product\/1129105"}],"collection":[{"href":"https:\/\/ventspils.citro.lv\/ru\/wp-json\/wp\/v2\/product"}],"about":[{"href":"https:\/\/ventspils.citro.lv\/ru\/wp-json\/wp\/v2\/types\/product"}],"wp:featuredmedia":[{"embeddable":true,"href":"https:\/\/ventspils.citro.lv\/ru\/wp-json\/wp\/v2\/media\/1244234"}],"wp:attachment":[{"href":"https:\/\/ventspils.citro.lv\/ru\/wp-json\/wp\/v2\/media?parent=1129105"}],"wp:term":[{"taxonomy":"product_cat","embeddable":true,"href":"https:\/\/ventspils.citro.lv\/ru\/wp-json\/wp\/v2\/product_cat?post=1129105"},{"taxonomy":"product_tag","embeddable":true,"href":"https:\/\/ventspils.citro.lv\/ru\/wp-json\/wp\/v2\/product_tag?post=1129105"}],"curies":[{"name":"wp","href":"https:\/\/api.w.org\/{rel}","templated":true}]}}