{"id":1129095,"date":"2026-03-26T12:03:03","date_gmt":"2026-03-26T10:03:03","guid":{"rendered":"https:\/\/ventspils.citro.lv\/veikals\/konfektes-marmelades-putnins-ar-mellenu-garsu-sver\/"},"modified":"2026-03-26T12:03:12","modified_gmt":"2026-03-26T10:03:12","slug":"konfektes-marmelades-putnins-ar-mellenu-garsu-sver","status":"publish","type":"product","link":"https:\/\/ventspils.citro.lv\/ru\/veikals\/konfektes-marmelades-putnins-ar-mellenu-garsu-sver\/","title":{"rendered":"Konfektes Marmel\u0101des Putni\u0146\u0161 ar melle\u0146u gar\u0161u sver."},"content":{"rendered":"","protected":false},"excerpt":{"rendered":"<p>7.99 \u20ac\/kg<\/p>\n","protected":false},"featured_media":1234753,"template":"","meta":{"_acf_changed":false,"inline_featured_image":false},"product_cat":[533,125],"product_tag":[],"acf":[],"aioseo_notices":[],"_links":{"self":[{"href":"https:\/\/ventspils.citro.lv\/ru\/wp-json\/wp\/v2\/product\/1129095"}],"collection":[{"href":"https:\/\/ventspils.citro.lv\/ru\/wp-json\/wp\/v2\/product"}],"about":[{"href":"https:\/\/ventspils.citro.lv\/ru\/wp-json\/wp\/v2\/types\/product"}],"wp:featuredmedia":[{"embeddable":true,"href":"https:\/\/ventspils.citro.lv\/ru\/wp-json\/wp\/v2\/media\/1234753"}],"wp:attachment":[{"href":"https:\/\/ventspils.citro.lv\/ru\/wp-json\/wp\/v2\/media?parent=1129095"}],"wp:term":[{"taxonomy":"product_cat","embeddable":true,"href":"https:\/\/ventspils.citro.lv\/ru\/wp-json\/wp\/v2\/product_cat?post=1129095"},{"taxonomy":"product_tag","embeddable":true,"href":"https:\/\/ventspils.citro.lv\/ru\/wp-json\/wp\/v2\/product_tag?post=1129095"}],"curies":[{"name":"wp","href":"https:\/\/api.w.org\/{rel}","templated":true}]}}