{"id":1129083,"date":"2026-04-14T04:31:01","date_gmt":"2026-04-14T01:31:01","guid":{"rendered":"https:\/\/ventspils.citro.lv\/veikals\/silku-filejas-majoneze-ar-bietem-kaija-280g\/"},"modified":"2026-04-28T23:11:02","modified_gmt":"2026-04-28T20:11:02","slug":"silku-filejas-majoneze-ar-bietem-kaija-280g","status":"publish","type":"product","link":"https:\/\/ventspils.citro.lv\/ru\/veikals\/silku-filejas-majoneze-ar-bietem-kaija-280g\/","title":{"rendered":"Si\u013c\u0137u filejas majon\u0113z\u0113 ar biet\u0113m Kaija 280g"},"content":{"rendered":"","protected":false},"excerpt":{"rendered":"<p>8.89 \u20ac\/kg<\/p>\n","protected":false},"featured_media":1245752,"template":"","meta":{"_acf_changed":false,"inline_featured_image":false},"product_cat":[545,135],"product_tag":[],"acf":[],"aioseo_notices":[],"_links":{"self":[{"href":"https:\/\/ventspils.citro.lv\/ru\/wp-json\/wp\/v2\/product\/1129083"}],"collection":[{"href":"https:\/\/ventspils.citro.lv\/ru\/wp-json\/wp\/v2\/product"}],"about":[{"href":"https:\/\/ventspils.citro.lv\/ru\/wp-json\/wp\/v2\/types\/product"}],"wp:featuredmedia":[{"embeddable":true,"href":"https:\/\/ventspils.citro.lv\/ru\/wp-json\/wp\/v2\/media\/1245752"}],"wp:attachment":[{"href":"https:\/\/ventspils.citro.lv\/ru\/wp-json\/wp\/v2\/media?parent=1129083"}],"wp:term":[{"taxonomy":"product_cat","embeddable":true,"href":"https:\/\/ventspils.citro.lv\/ru\/wp-json\/wp\/v2\/product_cat?post=1129083"},{"taxonomy":"product_tag","embeddable":true,"href":"https:\/\/ventspils.citro.lv\/ru\/wp-json\/wp\/v2\/product_tag?post=1129083"}],"curies":[{"name":"wp","href":"https:\/\/api.w.org\/{rel}","templated":true}]}}