{"id":112539,"date":"2025-10-22T01:03:26","date_gmt":"2025-10-21T22:03:26","guid":{"rendered":"https:\/\/ventspils.citro.lv\/veikals\/salati-vitaminu\/"},"modified":"2026-01-30T14:46:41","modified_gmt":"2026-01-30T12:46:41","slug":"salati-vitaminu","status":"publish","type":"product","link":"https:\/\/ventspils.citro.lv\/ru\/veikals\/salati-vitaminu\/","title":{"rendered":"Sal\u0101ti Vitam\u012bnu"},"content":{"rendered":"<p>Sast\u0101vs:\u0136\u012bnas k\u0101posti, sv.gur\u0137is,\u0101boli,sal\u0101tu m\u0113rce.Ra\u017eot\u0101js Sia Di\u0101na Bistro.Uzglab\u0101t t pie +2 l\u012bdz +6 C<\/p>\n","protected":false},"excerpt":{"rendered":"<p>4.99 \u20ac\/kg<\/p>\n","protected":false},"featured_media":1144540,"template":"","meta":{"_acf_changed":false,"inline_featured_image":false},"product_cat":[113,212],"product_tag":[],"acf":[],"aioseo_notices":[],"_links":{"self":[{"href":"https:\/\/ventspils.citro.lv\/ru\/wp-json\/wp\/v2\/product\/112539"}],"collection":[{"href":"https:\/\/ventspils.citro.lv\/ru\/wp-json\/wp\/v2\/product"}],"about":[{"href":"https:\/\/ventspils.citro.lv\/ru\/wp-json\/wp\/v2\/types\/product"}],"wp:featuredmedia":[{"embeddable":true,"href":"https:\/\/ventspils.citro.lv\/ru\/wp-json\/wp\/v2\/media\/1144540"}],"wp:attachment":[{"href":"https:\/\/ventspils.citro.lv\/ru\/wp-json\/wp\/v2\/media?parent=112539"}],"wp:term":[{"taxonomy":"product_cat","embeddable":true,"href":"https:\/\/ventspils.citro.lv\/ru\/wp-json\/wp\/v2\/product_cat?post=112539"},{"taxonomy":"product_tag","embeddable":true,"href":"https:\/\/ventspils.citro.lv\/ru\/wp-json\/wp\/v2\/product_tag?post=112539"}],"curies":[{"name":"wp","href":"https:\/\/api.w.org\/{rel}","templated":true}]}}