{"id":1118535,"date":"2026-05-12T08:42:02","date_gmt":"2026-05-12T05:42:02","guid":{"rendered":"https:\/\/ventspils.citro.lv\/veikals\/cepumi-selga-dubultie-sok-ar-salas-vanilas-pildijumu-205g\/"},"modified":"2026-05-12T08:42:10","modified_gmt":"2026-05-12T05:42:10","slug":"cepumi-selga-dubultie-sok-ar-salas-vanilas-pildijumu-205g","status":"publish","type":"product","link":"https:\/\/ventspils.citro.lv\/ru\/veikals\/cepumi-selga-dubultie-sok-ar-salas-vanilas-pildijumu-205g\/","title":{"rendered":"Cepumi Selga dubultie \u0161ok.ar s\u0101\u013c\u0101s vani\u013cas pild\u012bjumu 205g"},"content":{"rendered":"","protected":false},"excerpt":{"rendered":"<p>9.22 \u20ac\/kg<\/p>\n","protected":false},"featured_media":1259971,"template":"","meta":{"_acf_changed":false,"inline_featured_image":false},"product_cat":[125,139],"product_tag":[],"acf":[],"aioseo_notices":[],"_links":{"self":[{"href":"https:\/\/ventspils.citro.lv\/ru\/wp-json\/wp\/v2\/product\/1118535"}],"collection":[{"href":"https:\/\/ventspils.citro.lv\/ru\/wp-json\/wp\/v2\/product"}],"about":[{"href":"https:\/\/ventspils.citro.lv\/ru\/wp-json\/wp\/v2\/types\/product"}],"wp:featuredmedia":[{"embeddable":true,"href":"https:\/\/ventspils.citro.lv\/ru\/wp-json\/wp\/v2\/media\/1259971"}],"wp:attachment":[{"href":"https:\/\/ventspils.citro.lv\/ru\/wp-json\/wp\/v2\/media?parent=1118535"}],"wp:term":[{"taxonomy":"product_cat","embeddable":true,"href":"https:\/\/ventspils.citro.lv\/ru\/wp-json\/wp\/v2\/product_cat?post=1118535"},{"taxonomy":"product_tag","embeddable":true,"href":"https:\/\/ventspils.citro.lv\/ru\/wp-json\/wp\/v2\/product_tag?post=1118535"}],"curies":[{"name":"wp","href":"https:\/\/api.w.org\/{rel}","templated":true}]}}