{"id":1118529,"date":"2026-03-18T05:42:52","date_gmt":"2026-03-18T03:42:52","guid":{"rendered":"https:\/\/ventspils.citro.lv\/veikals\/olivas-melnas-ar-kauliniem-370ml\/"},"modified":"2026-03-18T05:42:56","modified_gmt":"2026-03-18T03:42:56","slug":"olivas-melnas-ar-kauliniem-370ml","status":"publish","type":"product","link":"https:\/\/ventspils.citro.lv\/ru\/veikals\/olivas-melnas-ar-kauliniem-370ml\/","title":{"rendered":"Ol\u012bvas meln\u0101s  ar kauli\u0146iem 370ml"},"content":{"rendered":"<p>meln\u0101s ol\u012bves, \u016bdens, s\u0101ls, stabiliz\u0113t\u0101js: dzelzs glikon\u0101ts.<\/p>\n","protected":false},"excerpt":{"rendered":"<p>7.97 \u20ac\/l<\/p>\n","protected":false},"featured_media":1228713,"template":"","meta":{"_acf_changed":false,"inline_featured_image":false},"product_cat":[572,103],"product_tag":[],"acf":[],"aioseo_notices":[],"_links":{"self":[{"href":"https:\/\/ventspils.citro.lv\/ru\/wp-json\/wp\/v2\/product\/1118529"}],"collection":[{"href":"https:\/\/ventspils.citro.lv\/ru\/wp-json\/wp\/v2\/product"}],"about":[{"href":"https:\/\/ventspils.citro.lv\/ru\/wp-json\/wp\/v2\/types\/product"}],"wp:featuredmedia":[{"embeddable":true,"href":"https:\/\/ventspils.citro.lv\/ru\/wp-json\/wp\/v2\/media\/1228713"}],"wp:attachment":[{"href":"https:\/\/ventspils.citro.lv\/ru\/wp-json\/wp\/v2\/media?parent=1118529"}],"wp:term":[{"taxonomy":"product_cat","embeddable":true,"href":"https:\/\/ventspils.citro.lv\/ru\/wp-json\/wp\/v2\/product_cat?post=1118529"},{"taxonomy":"product_tag","embeddable":true,"href":"https:\/\/ventspils.citro.lv\/ru\/wp-json\/wp\/v2\/product_tag?post=1118529"}],"curies":[{"name":"wp","href":"https:\/\/api.w.org\/{rel}","templated":true}]}}