{"id":1118523,"date":"2026-04-21T01:36:02","date_gmt":"2026-04-20T22:36:02","guid":{"rendered":"https:\/\/ventspils.citro.lv\/veikals\/makaroni-a-p-sun-yan-verse-siera-krejuma-merce-55g\/"},"modified":"2026-04-21T01:36:10","modified_gmt":"2026-04-20T22:36:10","slug":"makaroni-a-p-sun-yan-verse-siera-krejuma-merce-55g","status":"publish","type":"product","link":"https:\/\/ventspils.citro.lv\/ru\/veikals\/makaroni-a-p-sun-yan-verse-siera-krejuma-merce-55g\/","title":{"rendered":"Makaroni \u0101\/p Sun Yan Verse siera kr\u0113juma m\u0113rc\u0113 55g"},"content":{"rendered":"","protected":false},"excerpt":{"rendered":"<p>30.73 \u20ac\/kg<\/p>\n","protected":false},"featured_media":1247660,"template":"","meta":{"_acf_changed":false,"inline_featured_image":false},"product_cat":[111,138],"product_tag":[],"acf":[],"aioseo_notices":[],"_links":{"self":[{"href":"https:\/\/ventspils.citro.lv\/ru\/wp-json\/wp\/v2\/product\/1118523"}],"collection":[{"href":"https:\/\/ventspils.citro.lv\/ru\/wp-json\/wp\/v2\/product"}],"about":[{"href":"https:\/\/ventspils.citro.lv\/ru\/wp-json\/wp\/v2\/types\/product"}],"wp:featuredmedia":[{"embeddable":true,"href":"https:\/\/ventspils.citro.lv\/ru\/wp-json\/wp\/v2\/media\/1247660"}],"wp:attachment":[{"href":"https:\/\/ventspils.citro.lv\/ru\/wp-json\/wp\/v2\/media?parent=1118523"}],"wp:term":[{"taxonomy":"product_cat","embeddable":true,"href":"https:\/\/ventspils.citro.lv\/ru\/wp-json\/wp\/v2\/product_cat?post=1118523"},{"taxonomy":"product_tag","embeddable":true,"href":"https:\/\/ventspils.citro.lv\/ru\/wp-json\/wp\/v2\/product_tag?post=1118523"}],"curies":[{"name":"wp","href":"https:\/\/api.w.org\/{rel}","templated":true}]}}