{"id":1118486,"date":"2026-04-24T11:18:35","date_gmt":"2026-04-24T08:18:35","guid":{"rendered":"https:\/\/ventspils.citro.lv\/veikals\/udens-akvile-ar-apelsinu-aromatu-viegli-gaz-1-5l\/"},"modified":"2026-04-24T11:18:44","modified_gmt":"2026-04-24T08:18:44","slug":"udens-akvile-ar-apelsinu-aromatu-viegli-gaz-1-5l","status":"publish","type":"product","link":"https:\/\/ventspils.citro.lv\/ru\/veikals\/udens-akvile-ar-apelsinu-aromatu-viegli-gaz-1-5l\/","title":{"rendered":"\u016adens Akvile ar apels\u012bnu arom\u0101tu viegli g\u0101z. 1.5l"},"content":{"rendered":"","protected":false},"excerpt":{"rendered":"<p>0.63 \u20ac\/l<\/p>\n","protected":false},"featured_media":1253277,"template":"","meta":{"_acf_changed":false,"inline_featured_image":false},"product_cat":[106,186],"product_tag":[],"acf":[],"aioseo_notices":[],"_links":{"self":[{"href":"https:\/\/ventspils.citro.lv\/ru\/wp-json\/wp\/v2\/product\/1118486"}],"collection":[{"href":"https:\/\/ventspils.citro.lv\/ru\/wp-json\/wp\/v2\/product"}],"about":[{"href":"https:\/\/ventspils.citro.lv\/ru\/wp-json\/wp\/v2\/types\/product"}],"wp:featuredmedia":[{"embeddable":true,"href":"https:\/\/ventspils.citro.lv\/ru\/wp-json\/wp\/v2\/media\/1253277"}],"wp:attachment":[{"href":"https:\/\/ventspils.citro.lv\/ru\/wp-json\/wp\/v2\/media?parent=1118486"}],"wp:term":[{"taxonomy":"product_cat","embeddable":true,"href":"https:\/\/ventspils.citro.lv\/ru\/wp-json\/wp\/v2\/product_cat?post=1118486"},{"taxonomy":"product_tag","embeddable":true,"href":"https:\/\/ventspils.citro.lv\/ru\/wp-json\/wp\/v2\/product_tag?post=1118486"}],"curies":[{"name":"wp","href":"https:\/\/api.w.org\/{rel}","templated":true}]}}