{"id":1118476,"date":"2026-05-12T08:33:34","date_gmt":"2026-05-12T05:33:34","guid":{"rendered":"https:\/\/ventspils.citro.lv\/veikals\/zemesrieksti-grauzdeti-ar-skaba-krej-un-sipolu-gars-yes-150g\/"},"modified":"2026-05-12T08:33:38","modified_gmt":"2026-05-12T05:33:38","slug":"zemesrieksti-grauzdeti-ar-skaba-krej-un-sipolu-gars-yes-150g","status":"publish","type":"product","link":"https:\/\/ventspils.citro.lv\/ru\/veikals\/zemesrieksti-grauzdeti-ar-skaba-krej-un-sipolu-gars-yes-150g\/","title":{"rendered":"Zemesrieksti grauzd\u0113ti ar sk\u0101b\u0101 kr\u0113j.un s\u012bpolu gar\u0161.Yes 150g"},"content":{"rendered":"","protected":false},"excerpt":{"rendered":"<p>12.60 \u20ac\/kg<\/p>\n","protected":false},"featured_media":1259937,"template":"","meta":{"_acf_changed":false,"inline_featured_image":false},"product_cat":[125,202],"product_tag":[],"acf":[],"aioseo_notices":[],"_links":{"self":[{"href":"https:\/\/ventspils.citro.lv\/ru\/wp-json\/wp\/v2\/product\/1118476"}],"collection":[{"href":"https:\/\/ventspils.citro.lv\/ru\/wp-json\/wp\/v2\/product"}],"about":[{"href":"https:\/\/ventspils.citro.lv\/ru\/wp-json\/wp\/v2\/types\/product"}],"wp:featuredmedia":[{"embeddable":true,"href":"https:\/\/ventspils.citro.lv\/ru\/wp-json\/wp\/v2\/media\/1259937"}],"wp:attachment":[{"href":"https:\/\/ventspils.citro.lv\/ru\/wp-json\/wp\/v2\/media?parent=1118476"}],"wp:term":[{"taxonomy":"product_cat","embeddable":true,"href":"https:\/\/ventspils.citro.lv\/ru\/wp-json\/wp\/v2\/product_cat?post=1118476"},{"taxonomy":"product_tag","embeddable":true,"href":"https:\/\/ventspils.citro.lv\/ru\/wp-json\/wp\/v2\/product_tag?post=1118476"}],"curies":[{"name":"wp","href":"https:\/\/api.w.org\/{rel}","templated":true}]}}