{"id":1113896,"date":"2026-04-24T11:21:13","date_gmt":"2026-04-24T08:21:13","guid":{"rendered":"https:\/\/ventspils.citro.lv\/veikals\/nudeles-buldak-hot-chicken-ar-kremigu-carbonara-garsu-130g\/"},"modified":"2026-04-24T11:21:23","modified_gmt":"2026-04-24T08:21:23","slug":"nudeles-buldak-hot-chicken-ar-kremigu-carbonara-garsu-130g","status":"publish","type":"product","link":"https:\/\/ventspils.citro.lv\/ru\/veikals\/nudeles-buldak-hot-chicken-ar-kremigu-carbonara-garsu-130g\/","title":{"rendered":"N\u016bdeles Buldak Hot Chicken ar kr\u0113m\u012bgu carbonara gar\u0161u 130g"},"content":{"rendered":"<p>Sast\u0101vda\u013cas: n\u016bdeles (77,3%): KVIE\u0160U milti (satur GLUT\u0112NU), rafin\u0113ta palmu e\u013c\u013ca, modific\u0113ta tapiokas ciete, modific\u0113ta kartupe\u013cu ciete, s\u0101ls, emulgatori: E 422, E 322 (satur SOJU); biezin\u0101t\u0101js E 412, sk\u0101buma regul\u0113t\u0101ji: E 501, E 500, E 339, E 330; antioksidants E 306, za\u013c\u0101s t\u0113jas aromatiz\u0113t\u0101js, kr\u0101sviela E 101; m\u0113rce (12,9%): \u016bdens, vistas gar\u0161as pulveris (satur SOJU, KVIE\u0160US, GLUT\u0112NU, SELERIJU), SOJAS), SOJAS m\u0113rce [\u016bdens, SOJAS pupi\u0146as, KVIE\u0160I (satur GLUT\u0112NU), s\u0101ls, fruktoze, gar\u0161as pastiprin\u0101t\u0101js E 635, \u0137iploka pulveris, aromatiz\u0113t\u0101js, sk\u0101buma regul\u0113t\u0101js  E 270, saldin\u0101t\u0101js E 960], cukurs, habanero piparu pulveris (pretsalipes viela E 551, gar\u0161as pastiprin\u0101t\u0101ji: E 631, E 627; kr\u0101sviela E 160c), SOJAS pupi\u0146u e\u013c\u013ca (satur SOJU), s\u012bpolu ekstrakts, gar\u0161as pastiprin\u0101t\u0101js E 621, \u010dili piparu pulveris, sarkan\u0101 pipara s\u0113klu e\u013c\u013ca, \u0137iploku pulveris, biezin\u0101t\u0101js E 1420, \u010dili piparu ekstrakts, kr\u0101sviela E 160c, melno piparu pulveris, karija pulveris, sk\u0101buma regul\u0113t\u0101js E 270;zupas pulveris (9,8%): aromatiz\u0113t\u0101js, cukurs, s\u0101ls, biezin\u0101t\u0101js E 1420, p\u0113ters\u012b\u013ci, SOJAS pupi\u0146u e\u013c\u013ca (satur SOJU), \u0137iploku pulveris, piparu pulveris.<\/p>\n","protected":false},"excerpt":{"rendered":"<p>13.00 \u20ac\/kg<\/p>\n","protected":false},"featured_media":1253285,"template":"","meta":{"_acf_changed":false,"inline_featured_image":false},"product_cat":[111,138],"product_tag":[],"acf":[],"aioseo_notices":[],"_links":{"self":[{"href":"https:\/\/ventspils.citro.lv\/ru\/wp-json\/wp\/v2\/product\/1113896"}],"collection":[{"href":"https:\/\/ventspils.citro.lv\/ru\/wp-json\/wp\/v2\/product"}],"about":[{"href":"https:\/\/ventspils.citro.lv\/ru\/wp-json\/wp\/v2\/types\/product"}],"wp:featuredmedia":[{"embeddable":true,"href":"https:\/\/ventspils.citro.lv\/ru\/wp-json\/wp\/v2\/media\/1253285"}],"wp:attachment":[{"href":"https:\/\/ventspils.citro.lv\/ru\/wp-json\/wp\/v2\/media?parent=1113896"}],"wp:term":[{"taxonomy":"product_cat","embeddable":true,"href":"https:\/\/ventspils.citro.lv\/ru\/wp-json\/wp\/v2\/product_cat?post=1113896"},{"taxonomy":"product_tag","embeddable":true,"href":"https:\/\/ventspils.citro.lv\/ru\/wp-json\/wp\/v2\/product_tag?post=1113896"}],"curies":[{"name":"wp","href":"https:\/\/api.w.org\/{rel}","templated":true}]}}