{"id":1113874,"date":"2026-04-10T09:42:24","date_gmt":"2026-04-10T06:42:24","guid":{"rendered":"https:\/\/ventspils.citro.lv\/veikals\/desa-siers-kupinata-kauseta-klasiska-200g\/"},"modified":"2026-04-11T14:21:08","modified_gmt":"2026-04-11T11:21:08","slug":"desa-siers-kupinata-kauseta-klasiska-200g","status":"publish","type":"product","link":"https:\/\/ventspils.citro.lv\/ru\/veikals\/desa-siers-kupinata-kauseta-klasiska-200g\/","title":{"rendered":"Desa siers k\u016bpin\u0101ta kaus\u0113ta klasisk\u0101 200g"},"content":{"rendered":"","protected":false},"excerpt":{"rendered":"<p>6.95 \u20ac\/kg<\/p>\n","protected":false},"featured_media":1244221,"template":"","meta":{"_acf_changed":false,"inline_featured_image":false},"product_cat":[95,225],"product_tag":[],"acf":[],"aioseo_notices":[],"_links":{"self":[{"href":"https:\/\/ventspils.citro.lv\/ru\/wp-json\/wp\/v2\/product\/1113874"}],"collection":[{"href":"https:\/\/ventspils.citro.lv\/ru\/wp-json\/wp\/v2\/product"}],"about":[{"href":"https:\/\/ventspils.citro.lv\/ru\/wp-json\/wp\/v2\/types\/product"}],"wp:featuredmedia":[{"embeddable":true,"href":"https:\/\/ventspils.citro.lv\/ru\/wp-json\/wp\/v2\/media\/1244221"}],"wp:attachment":[{"href":"https:\/\/ventspils.citro.lv\/ru\/wp-json\/wp\/v2\/media?parent=1113874"}],"wp:term":[{"taxonomy":"product_cat","embeddable":true,"href":"https:\/\/ventspils.citro.lv\/ru\/wp-json\/wp\/v2\/product_cat?post=1113874"},{"taxonomy":"product_tag","embeddable":true,"href":"https:\/\/ventspils.citro.lv\/ru\/wp-json\/wp\/v2\/product_tag?post=1113874"}],"curies":[{"name":"wp","href":"https:\/\/api.w.org\/{rel}","templated":true}]}}