{"id":1113868,"date":"2026-04-24T11:15:13","date_gmt":"2026-04-24T08:15:13","guid":{"rendered":"https:\/\/ventspils.citro.lv\/veikals\/putra-rudolfs-bio-trisgraudu-ar-augliem-110g\/"},"modified":"2026-04-24T11:15:23","modified_gmt":"2026-04-24T08:15:23","slug":"putra-rudolfs-bio-trisgraudu-ar-augliem-110g","status":"publish","type":"product","link":"https:\/\/ventspils.citro.lv\/ru\/veikals\/putra-rudolfs-bio-trisgraudu-ar-augliem-110g\/","title":{"rendered":"Putra R\u016bdolfs BIO tr\u012bsgraudu ar aug\u013ciem 110g"},"content":{"rendered":"","protected":false},"excerpt":{"rendered":"<p>14.09 \u20ac\/kg<\/p>\n","protected":false},"featured_media":1253261,"template":"","meta":{"_acf_changed":false,"inline_featured_image":false},"product_cat":[172,173],"product_tag":[],"acf":[],"aioseo_notices":[],"_links":{"self":[{"href":"https:\/\/ventspils.citro.lv\/ru\/wp-json\/wp\/v2\/product\/1113868"}],"collection":[{"href":"https:\/\/ventspils.citro.lv\/ru\/wp-json\/wp\/v2\/product"}],"about":[{"href":"https:\/\/ventspils.citro.lv\/ru\/wp-json\/wp\/v2\/types\/product"}],"wp:featuredmedia":[{"embeddable":true,"href":"https:\/\/ventspils.citro.lv\/ru\/wp-json\/wp\/v2\/media\/1253261"}],"wp:attachment":[{"href":"https:\/\/ventspils.citro.lv\/ru\/wp-json\/wp\/v2\/media?parent=1113868"}],"wp:term":[{"taxonomy":"product_cat","embeddable":true,"href":"https:\/\/ventspils.citro.lv\/ru\/wp-json\/wp\/v2\/product_cat?post=1113868"},{"taxonomy":"product_tag","embeddable":true,"href":"https:\/\/ventspils.citro.lv\/ru\/wp-json\/wp\/v2\/product_tag?post=1113868"}],"curies":[{"name":"wp","href":"https:\/\/api.w.org\/{rel}","templated":true}]}}