{"id":1113866,"date":"2026-04-24T11:15:13","date_gmt":"2026-04-24T08:15:13","guid":{"rendered":"https:\/\/ventspils.citro.lv\/veikals\/biezenis-rudolfs-bio-darzeni-ar-titara-galu-no-6-men-190g\/"},"modified":"2026-04-25T18:21:46","modified_gmt":"2026-04-25T15:21:46","slug":"biezenis-rudolfs-bio-darzeni-ar-titara-galu-no-6-men-190g","status":"publish","type":"product","link":"https:\/\/ventspils.citro.lv\/ru\/veikals\/biezenis-rudolfs-bio-darzeni-ar-titara-galu-no-6-men-190g\/","title":{"rendered":"Biezenis R\u016bdolfs BIO D\u0101rze\u0146i ar t\u012btara ga\u013cu, no 6 m\u0113n.190g"},"content":{"rendered":"","protected":false},"excerpt":{"rendered":"<p>11.84 \u20ac\/kg<\/p>\n","protected":false},"featured_media":1253260,"template":"","meta":{"_acf_changed":false,"inline_featured_image":false},"product_cat":[172,173],"product_tag":[],"acf":[],"aioseo_notices":[],"_links":{"self":[{"href":"https:\/\/ventspils.citro.lv\/ru\/wp-json\/wp\/v2\/product\/1113866"}],"collection":[{"href":"https:\/\/ventspils.citro.lv\/ru\/wp-json\/wp\/v2\/product"}],"about":[{"href":"https:\/\/ventspils.citro.lv\/ru\/wp-json\/wp\/v2\/types\/product"}],"wp:featuredmedia":[{"embeddable":true,"href":"https:\/\/ventspils.citro.lv\/ru\/wp-json\/wp\/v2\/media\/1253260"}],"wp:attachment":[{"href":"https:\/\/ventspils.citro.lv\/ru\/wp-json\/wp\/v2\/media?parent=1113866"}],"wp:term":[{"taxonomy":"product_cat","embeddable":true,"href":"https:\/\/ventspils.citro.lv\/ru\/wp-json\/wp\/v2\/product_cat?post=1113866"},{"taxonomy":"product_tag","embeddable":true,"href":"https:\/\/ventspils.citro.lv\/ru\/wp-json\/wp\/v2\/product_tag?post=1113866"}],"curies":[{"name":"wp","href":"https:\/\/api.w.org\/{rel}","templated":true}]}}