{"id":1113855,"date":"2026-02-18T02:57:51","date_gmt":"2026-02-18T00:57:51","guid":{"rendered":"https:\/\/ventspils.citro.lv\/veikals\/cipsi-estrella-kettle-ar-juras-sali-30g\/"},"modified":"2026-02-18T02:58:02","modified_gmt":"2026-02-18T00:58:02","slug":"cipsi-estrella-kettle-ar-juras-sali-30g","status":"publish","type":"product","link":"https:\/\/ventspils.citro.lv\/ru\/veikals\/cipsi-estrella-kettle-ar-juras-sali-30g\/","title":{"rendered":"\u010cipsi Estrella Kettle ar j\u016bras s\u0101li 30g"},"content":{"rendered":"","protected":false},"excerpt":{"rendered":"<p>19.67 \u20ac\/kg<\/p>\n","protected":false},"featured_media":1211079,"template":"","meta":{"_acf_changed":false,"inline_featured_image":false},"product_cat":[125,191],"product_tag":[],"acf":[],"aioseo_notices":[],"_links":{"self":[{"href":"https:\/\/ventspils.citro.lv\/ru\/wp-json\/wp\/v2\/product\/1113855"}],"collection":[{"href":"https:\/\/ventspils.citro.lv\/ru\/wp-json\/wp\/v2\/product"}],"about":[{"href":"https:\/\/ventspils.citro.lv\/ru\/wp-json\/wp\/v2\/types\/product"}],"wp:featuredmedia":[{"embeddable":true,"href":"https:\/\/ventspils.citro.lv\/ru\/wp-json\/wp\/v2\/media\/1211079"}],"wp:attachment":[{"href":"https:\/\/ventspils.citro.lv\/ru\/wp-json\/wp\/v2\/media?parent=1113855"}],"wp:term":[{"taxonomy":"product_cat","embeddable":true,"href":"https:\/\/ventspils.citro.lv\/ru\/wp-json\/wp\/v2\/product_cat?post=1113855"},{"taxonomy":"product_tag","embeddable":true,"href":"https:\/\/ventspils.citro.lv\/ru\/wp-json\/wp\/v2\/product_tag?post=1113855"}],"curies":[{"name":"wp","href":"https:\/\/api.w.org\/{rel}","templated":true}]}}