{"id":1113726,"date":"2026-04-24T08:03:26","date_gmt":"2026-04-24T05:03:26","guid":{"rendered":"https:\/\/ventspils.citro.lv\/veikals\/biezenis-rudolfs-bio-abol-bananu-zav-plumju-ar-cep-110g\/"},"modified":"2026-04-24T08:03:35","modified_gmt":"2026-04-24T05:03:35","slug":"biezenis-rudolfs-bio-abol-bananu-zav-plumju-ar-cep-110g","status":"publish","type":"product","link":"https:\/\/ventspils.citro.lv\/ru\/veikals\/biezenis-rudolfs-bio-abol-bananu-zav-plumju-ar-cep-110g\/","title":{"rendered":"Biezenis R\u016bdolfs Bio \u0101bol.ban\u0101nu \u017e\u0101v. pl\u016bmju ar cep.  110g"},"content":{"rendered":"","protected":false},"excerpt":{"rendered":"<p>15.36 \u20ac\/kg<\/p>\n","protected":false},"featured_media":1252464,"template":"","meta":{"_acf_changed":false,"inline_featured_image":false},"product_cat":[172,173],"product_tag":[],"acf":[],"aioseo_notices":[],"_links":{"self":[{"href":"https:\/\/ventspils.citro.lv\/ru\/wp-json\/wp\/v2\/product\/1113726"}],"collection":[{"href":"https:\/\/ventspils.citro.lv\/ru\/wp-json\/wp\/v2\/product"}],"about":[{"href":"https:\/\/ventspils.citro.lv\/ru\/wp-json\/wp\/v2\/types\/product"}],"wp:featuredmedia":[{"embeddable":true,"href":"https:\/\/ventspils.citro.lv\/ru\/wp-json\/wp\/v2\/media\/1252464"}],"wp:attachment":[{"href":"https:\/\/ventspils.citro.lv\/ru\/wp-json\/wp\/v2\/media?parent=1113726"}],"wp:term":[{"taxonomy":"product_cat","embeddable":true,"href":"https:\/\/ventspils.citro.lv\/ru\/wp-json\/wp\/v2\/product_cat?post=1113726"},{"taxonomy":"product_tag","embeddable":true,"href":"https:\/\/ventspils.citro.lv\/ru\/wp-json\/wp\/v2\/product_tag?post=1113726"}],"curies":[{"name":"wp","href":"https:\/\/api.w.org\/{rel}","templated":true}]}}