{"id":111272,"date":"2026-05-08T03:15:47","date_gmt":"2026-05-08T00:15:47","guid":{"rendered":"https:\/\/ventspils.citro.lv\/veikals\/ella-rapsu-ar-citrona-koriandra-aromatu-0-25l\/"},"modified":"2026-05-08T03:15:51","modified_gmt":"2026-05-08T00:15:51","slug":"ella-rapsu-ar-citrona-koriandra-aromatu-iecavnieks-200ml","status":"publish","type":"product","link":"https:\/\/ventspils.citro.lv\/ru\/veikals\/ella-rapsu-ar-citrona-koriandra-aromatu-iecavnieks-200ml\/","title":{"rendered":"E\u013c\u013ca rap\u0161u ar citrona-koriandra arom\u0101tu Iecavnieks 200ml"},"content":{"rendered":"","protected":false},"excerpt":{"rendered":"<p>14.95 \u20ac\/l<\/p>\n","protected":false},"featured_media":1257700,"template":"","meta":{"_acf_changed":false,"inline_featured_image":false},"product_cat":[116,164],"product_tag":[],"acf":[],"aioseo_notices":[],"_links":{"self":[{"href":"https:\/\/ventspils.citro.lv\/ru\/wp-json\/wp\/v2\/product\/111272"}],"collection":[{"href":"https:\/\/ventspils.citro.lv\/ru\/wp-json\/wp\/v2\/product"}],"about":[{"href":"https:\/\/ventspils.citro.lv\/ru\/wp-json\/wp\/v2\/types\/product"}],"wp:featuredmedia":[{"embeddable":true,"href":"https:\/\/ventspils.citro.lv\/ru\/wp-json\/wp\/v2\/media\/1257700"}],"wp:attachment":[{"href":"https:\/\/ventspils.citro.lv\/ru\/wp-json\/wp\/v2\/media?parent=111272"}],"wp:term":[{"taxonomy":"product_cat","embeddable":true,"href":"https:\/\/ventspils.citro.lv\/ru\/wp-json\/wp\/v2\/product_cat?post=111272"},{"taxonomy":"product_tag","embeddable":true,"href":"https:\/\/ventspils.citro.lv\/ru\/wp-json\/wp\/v2\/product_tag?post=111272"}],"curies":[{"name":"wp","href":"https:\/\/api.w.org\/{rel}","templated":true}]}}