{"id":111256,"date":"2026-04-08T04:49:33","date_gmt":"2026-04-08T01:49:33","guid":{"rendered":"https:\/\/ventspils.citro.lv\/veikals\/sokolades-ola-kiddy-20g\/"},"modified":"2026-04-08T04:49:45","modified_gmt":"2026-04-08T01:49:45","slug":"sokolades-ola-kiddy-20g","status":"publish","type":"product","link":"https:\/\/ventspils.citro.lv\/ru\/veikals\/sokolades-ola-kiddy-20g\/","title":{"rendered":"\u0160okol\u0101des ola Kiddy 20g"},"content":{"rendered":"<p>Cukurs, kakao sviests, PILNPIENA pulveris, kakao masa, s\u016bkalu pulveris ( no piena), emulgators lecit\u012bni (sojas), aromatiz\u0113t\u0101js. Piena \u0161okol\u0101de satur: ne maz\u0101k k\u0101 30% no kop\u0113j\u0101s kakao sausas masas<\/p>\n","protected":false},"excerpt":{"rendered":"<p>54.50 \u20ac\/kg<\/p>\n","protected":false},"featured_media":1240981,"template":"","meta":{"_acf_changed":false,"inline_featured_image":false},"product_cat":[533,125],"product_tag":[],"acf":[],"aioseo_notices":[],"_links":{"self":[{"href":"https:\/\/ventspils.citro.lv\/ru\/wp-json\/wp\/v2\/product\/111256"}],"collection":[{"href":"https:\/\/ventspils.citro.lv\/ru\/wp-json\/wp\/v2\/product"}],"about":[{"href":"https:\/\/ventspils.citro.lv\/ru\/wp-json\/wp\/v2\/types\/product"}],"wp:featuredmedia":[{"embeddable":true,"href":"https:\/\/ventspils.citro.lv\/ru\/wp-json\/wp\/v2\/media\/1240981"}],"wp:attachment":[{"href":"https:\/\/ventspils.citro.lv\/ru\/wp-json\/wp\/v2\/media?parent=111256"}],"wp:term":[{"taxonomy":"product_cat","embeddable":true,"href":"https:\/\/ventspils.citro.lv\/ru\/wp-json\/wp\/v2\/product_cat?post=111256"},{"taxonomy":"product_tag","embeddable":true,"href":"https:\/\/ventspils.citro.lv\/ru\/wp-json\/wp\/v2\/product_tag?post=111256"}],"curies":[{"name":"wp","href":"https:\/\/api.w.org\/{rel}","templated":true}]}}