{"id":111254,"date":"2026-03-18T04:21:14","date_gmt":"2026-03-18T02:21:14","guid":{"rendered":"https:\/\/ventspils.citro.lv\/veikals\/parslas-risu-valdo-atri-varamas-500g\/"},"modified":"2026-04-04T12:59:58","modified_gmt":"2026-04-04T09:59:58","slug":"parslas-risu-valdo-atri-varamas-500g","status":"publish","type":"product","link":"https:\/\/ventspils.citro.lv\/ru\/veikals\/parslas-risu-valdo-atri-varamas-500g\/","title":{"rendered":"P\u0101rslas r\u012bsu Valdo \u0101tri v\u0101r\u0101m\u0101s 500g"},"content":{"rendered":"","protected":false},"excerpt":{"rendered":"<p>4.58 \u20ac\/kg<\/p>\n","protected":false},"featured_media":1228357,"template":"","meta":{"_acf_changed":false,"inline_featured_image":false},"product_cat":[118,123],"product_tag":[],"acf":[],"aioseo_notices":[],"_links":{"self":[{"href":"https:\/\/ventspils.citro.lv\/ru\/wp-json\/wp\/v2\/product\/111254"}],"collection":[{"href":"https:\/\/ventspils.citro.lv\/ru\/wp-json\/wp\/v2\/product"}],"about":[{"href":"https:\/\/ventspils.citro.lv\/ru\/wp-json\/wp\/v2\/types\/product"}],"wp:featuredmedia":[{"embeddable":true,"href":"https:\/\/ventspils.citro.lv\/ru\/wp-json\/wp\/v2\/media\/1228357"}],"wp:attachment":[{"href":"https:\/\/ventspils.citro.lv\/ru\/wp-json\/wp\/v2\/media?parent=111254"}],"wp:term":[{"taxonomy":"product_cat","embeddable":true,"href":"https:\/\/ventspils.citro.lv\/ru\/wp-json\/wp\/v2\/product_cat?post=111254"},{"taxonomy":"product_tag","embeddable":true,"href":"https:\/\/ventspils.citro.lv\/ru\/wp-json\/wp\/v2\/product_tag?post=111254"}],"curies":[{"name":"wp","href":"https:\/\/api.w.org\/{rel}","templated":true}]}}