{"id":1112276,"date":"2026-03-10T02:18:25","date_gmt":"2026-03-10T00:18:25","guid":{"rendered":"https:\/\/ventspils.citro.lv\/veikals\/biezpiena-placenisi-ekspresso-sald-500g\/"},"modified":"2026-04-01T11:10:34","modified_gmt":"2026-04-01T08:10:34","slug":"biezpiena-placenisi-ekspresso-sald-500g","status":"publish","type":"product","link":"https:\/\/ventspils.citro.lv\/ru\/veikals\/biezpiena-placenisi-ekspresso-sald-500g\/","title":{"rendered":"Biezpiena pl\u0101cen\u012b\u0161i Ekspresso sald. 500g"},"content":{"rendered":"","protected":false},"excerpt":{"rendered":"<p>9.78 \u20ac\/kg<\/p>\n","protected":false},"featured_media":1222791,"template":"","meta":{"_acf_changed":false,"inline_featured_image":false},"product_cat":[566,231],"product_tag":[],"acf":[],"aioseo_notices":[],"_links":{"self":[{"href":"https:\/\/ventspils.citro.lv\/ru\/wp-json\/wp\/v2\/product\/1112276"}],"collection":[{"href":"https:\/\/ventspils.citro.lv\/ru\/wp-json\/wp\/v2\/product"}],"about":[{"href":"https:\/\/ventspils.citro.lv\/ru\/wp-json\/wp\/v2\/types\/product"}],"wp:featuredmedia":[{"embeddable":true,"href":"https:\/\/ventspils.citro.lv\/ru\/wp-json\/wp\/v2\/media\/1222791"}],"wp:attachment":[{"href":"https:\/\/ventspils.citro.lv\/ru\/wp-json\/wp\/v2\/media?parent=1112276"}],"wp:term":[{"taxonomy":"product_cat","embeddable":true,"href":"https:\/\/ventspils.citro.lv\/ru\/wp-json\/wp\/v2\/product_cat?post=1112276"},{"taxonomy":"product_tag","embeddable":true,"href":"https:\/\/ventspils.citro.lv\/ru\/wp-json\/wp\/v2\/product_tag?post=1112276"}],"curies":[{"name":"wp","href":"https:\/\/api.w.org\/{rel}","templated":true}]}}