{"id":111201,"date":"2026-04-24T08:12:13","date_gmt":"2026-04-24T05:12:13","guid":{"rendered":"https:\/\/ventspils.citro.lv\/veikals\/koslajamas-konf-chewits-xtreme-sour-apple-34g\/"},"modified":"2026-04-24T08:12:17","modified_gmt":"2026-04-24T05:12:17","slug":"konfektes-koslaj-chewits-xtreme-sour-apple-34g","status":"publish","type":"product","link":"https:\/\/ventspils.citro.lv\/ru\/veikals\/konfektes-koslaj-chewits-xtreme-sour-apple-34g\/","title":{"rendered":"Konfektes ko\u0161\u013c\u0101j.Chewits Xtreme sour apple 34g"},"content":{"rendered":"","protected":false},"excerpt":{"rendered":"<p>14.12 \u20ac\/kg<\/p>\n","protected":false},"featured_media":1252504,"template":"","meta":{"_acf_changed":false,"inline_featured_image":false},"product_cat":[533,125],"product_tag":[],"acf":[],"aioseo_notices":[],"_links":{"self":[{"href":"https:\/\/ventspils.citro.lv\/ru\/wp-json\/wp\/v2\/product\/111201"}],"collection":[{"href":"https:\/\/ventspils.citro.lv\/ru\/wp-json\/wp\/v2\/product"}],"about":[{"href":"https:\/\/ventspils.citro.lv\/ru\/wp-json\/wp\/v2\/types\/product"}],"wp:featuredmedia":[{"embeddable":true,"href":"https:\/\/ventspils.citro.lv\/ru\/wp-json\/wp\/v2\/media\/1252504"}],"wp:attachment":[{"href":"https:\/\/ventspils.citro.lv\/ru\/wp-json\/wp\/v2\/media?parent=111201"}],"wp:term":[{"taxonomy":"product_cat","embeddable":true,"href":"https:\/\/ventspils.citro.lv\/ru\/wp-json\/wp\/v2\/product_cat?post=111201"},{"taxonomy":"product_tag","embeddable":true,"href":"https:\/\/ventspils.citro.lv\/ru\/wp-json\/wp\/v2\/product_tag?post=111201"}],"curies":[{"name":"wp","href":"https:\/\/api.w.org\/{rel}","templated":true}]}}