{"id":111198,"date":"2026-03-27T08:36:14","date_gmt":"2026-03-27T06:36:14","guid":{"rendered":"https:\/\/ventspils.citro.lv\/veikals\/vafeles-selga-ar-dzervenu-garsu-180g\/"},"modified":"2026-04-04T11:46:37","modified_gmt":"2026-04-04T08:46:37","slug":"vafeles-selga-ar-dzervenu-garsu-180g","status":"publish","type":"product","link":"https:\/\/ventspils.citro.lv\/ru\/veikals\/vafeles-selga-ar-dzervenu-garsu-180g\/","title":{"rendered":"Vafeles Selga ar dz\u0113rve\u0146u gar\u0161u 180g"},"content":{"rendered":"","protected":false},"excerpt":{"rendered":"<p>8.61 \u20ac\/kg<\/p>\n","protected":false},"featured_media":1236114,"template":"","meta":{"_acf_changed":false,"inline_featured_image":false},"product_cat":[125,209],"product_tag":[],"acf":[],"aioseo_notices":[],"_links":{"self":[{"href":"https:\/\/ventspils.citro.lv\/ru\/wp-json\/wp\/v2\/product\/111198"}],"collection":[{"href":"https:\/\/ventspils.citro.lv\/ru\/wp-json\/wp\/v2\/product"}],"about":[{"href":"https:\/\/ventspils.citro.lv\/ru\/wp-json\/wp\/v2\/types\/product"}],"wp:featuredmedia":[{"embeddable":true,"href":"https:\/\/ventspils.citro.lv\/ru\/wp-json\/wp\/v2\/media\/1236114"}],"wp:attachment":[{"href":"https:\/\/ventspils.citro.lv\/ru\/wp-json\/wp\/v2\/media?parent=111198"}],"wp:term":[{"taxonomy":"product_cat","embeddable":true,"href":"https:\/\/ventspils.citro.lv\/ru\/wp-json\/wp\/v2\/product_cat?post=111198"},{"taxonomy":"product_tag","embeddable":true,"href":"https:\/\/ventspils.citro.lv\/ru\/wp-json\/wp\/v2\/product_tag?post=111198"}],"curies":[{"name":"wp","href":"https:\/\/api.w.org\/{rel}","templated":true}]}}