{"id":1111902,"date":"2026-04-24T11:24:03","date_gmt":"2026-04-24T08:24:03","guid":{"rendered":"https:\/\/ventspils.citro.lv\/veikals\/kafija-skistosa-jacobs-latte-3in1-10x11-1g-111g\/"},"modified":"2026-04-24T13:57:59","modified_gmt":"2026-04-24T10:57:59","slug":"kafija-skistosa-jacobs-latte-3in1-10x11-1g-111g","status":"publish","type":"product","link":"https:\/\/ventspils.citro.lv\/ru\/veikals\/kafija-skistosa-jacobs-latte-3in1-10x11-1g-111g\/","title":{"rendered":"Kafija \u0161\u0137\u012bsto\u0161a Jacobs Latte 3in1 10&#215;11.1g 111g"},"content":{"rendered":"<p>Glucose syrup, soluble coffee (15%), sugar (15%), fully hydrogenated coconut oil, whey proteins (from milk), skim milk powder (4,7%), whey permeate (from milk), lactose (from milk), maltodextrin, stabilizer (E340), modified starch, flavor, viscosity regulator (E551).<\/p>\n","protected":false},"excerpt":{"rendered":"<p>15.23 \u20ac\/kg<\/p>\n","protected":false},"featured_media":1253294,"template":"","meta":{"_acf_changed":false,"inline_featured_image":false},"product_cat":[538,142],"product_tag":[],"acf":[],"aioseo_notices":[],"_links":{"self":[{"href":"https:\/\/ventspils.citro.lv\/ru\/wp-json\/wp\/v2\/product\/1111902"}],"collection":[{"href":"https:\/\/ventspils.citro.lv\/ru\/wp-json\/wp\/v2\/product"}],"about":[{"href":"https:\/\/ventspils.citro.lv\/ru\/wp-json\/wp\/v2\/types\/product"}],"wp:featuredmedia":[{"embeddable":true,"href":"https:\/\/ventspils.citro.lv\/ru\/wp-json\/wp\/v2\/media\/1253294"}],"wp:attachment":[{"href":"https:\/\/ventspils.citro.lv\/ru\/wp-json\/wp\/v2\/media?parent=1111902"}],"wp:term":[{"taxonomy":"product_cat","embeddable":true,"href":"https:\/\/ventspils.citro.lv\/ru\/wp-json\/wp\/v2\/product_cat?post=1111902"},{"taxonomy":"product_tag","embeddable":true,"href":"https:\/\/ventspils.citro.lv\/ru\/wp-json\/wp\/v2\/product_tag?post=1111902"}],"curies":[{"name":"wp","href":"https:\/\/api.w.org\/{rel}","templated":true}]}}