{"id":111184,"date":"2026-04-10T07:03:46","date_gmt":"2026-04-10T04:03:46","guid":{"rendered":"https:\/\/ventspils.citro.lv\/veikals\/cepumi-sok-ar-sokolades-gabaliniem-200g\/"},"modified":"2026-04-10T07:03:58","modified_gmt":"2026-04-10T04:03:58","slug":"cepumi-sok-ar-sokolades-gabaliniem-citro-200g","status":"publish","type":"product","link":"https:\/\/ventspils.citro.lv\/ru\/veikals\/cepumi-sok-ar-sokolades-gabaliniem-citro-200g\/","title":{"rendered":"Cepumi \u0161ok. ar \u0161okol\u0101des gabali\u0146iem Citro 200g"},"content":{"rendered":"<p>Sast\u0101vs: milti KVIE\u0160U, cukurs, margar\u012bns, \u0161okol\u0101des pilieni termo(17%), OLA, Kakao 10-12%, cepamais pulveris, p\u0101rtikas soda, p\u0101rtikas s\u0101ls.Ener\u0123\u0113tiska un uzt\u016brv\u0113rt\u012bba 100g 2041kj\/487kcal: tauki 22g, tostap pies\u0101tin\u0101tie 8g; og\u013chidr\u0101ti 63g, tostap cukurs 38g; \u0161\u0137iedrvielas 4g; olbaltumvielas 8g; s\u0101ls 0.9g. Uzglab\u0101t istabas temp. Fas\u0113ts:A\/S Di\u0101na, Durbes iela 38\/40,Ventspils<\/p>\n","protected":false},"excerpt":{"rendered":"<p>8.45 \u20ac\/kg<\/p>\n","protected":false},"featured_media":1243561,"template":"","meta":{"_acf_changed":false,"inline_featured_image":false},"product_cat":[125,139],"product_tag":[],"acf":[],"aioseo_notices":[],"_links":{"self":[{"href":"https:\/\/ventspils.citro.lv\/ru\/wp-json\/wp\/v2\/product\/111184"}],"collection":[{"href":"https:\/\/ventspils.citro.lv\/ru\/wp-json\/wp\/v2\/product"}],"about":[{"href":"https:\/\/ventspils.citro.lv\/ru\/wp-json\/wp\/v2\/types\/product"}],"wp:featuredmedia":[{"embeddable":true,"href":"https:\/\/ventspils.citro.lv\/ru\/wp-json\/wp\/v2\/media\/1243561"}],"wp:attachment":[{"href":"https:\/\/ventspils.citro.lv\/ru\/wp-json\/wp\/v2\/media?parent=111184"}],"wp:term":[{"taxonomy":"product_cat","embeddable":true,"href":"https:\/\/ventspils.citro.lv\/ru\/wp-json\/wp\/v2\/product_cat?post=111184"},{"taxonomy":"product_tag","embeddable":true,"href":"https:\/\/ventspils.citro.lv\/ru\/wp-json\/wp\/v2\/product_tag?post=111184"}],"curies":[{"name":"wp","href":"https:\/\/api.w.org\/{rel}","templated":true}]}}