{"id":111183,"date":"2026-05-04T01:03:19","date_gmt":"2026-05-03T22:03:19","guid":{"rendered":"https:\/\/ventspils.citro.lv\/veikals\/cepumi-ar-sokolades-gabaliniem-200g\/"},"modified":"2026-05-04T01:03:34","modified_gmt":"2026-05-03T22:03:34","slug":"cepumi-ar-sokolades-gabaliniem-citro-200g","status":"publish","type":"product","link":"https:\/\/ventspils.citro.lv\/ru\/veikals\/cepumi-ar-sokolades-gabaliniem-citro-200g\/","title":{"rendered":"Cepumi ar \u0161okol\u0101des gabali\u0146iem Citro 200g"},"content":{"rendered":"<p>Sast\u0101vs: Milti KVIE\u0160U,cukurs,margar\u012bns,\u0161okol\u0101des pilieni termo(17%),OLAS,cepamais pulveris,p\u0101rtikas soda,p\u0101rtikas s\u0101ls, vanil\u012bns. Ener\u0123.v\u0113rt\u012bba 2044kj\/488kcal, tauki 21.6g, pies\u0101tin\u0101t\u0101s tauksk\u0101bes 8g, og\u013chidr\u0101ti 64g, cukurs 38g, \u0161\u0137iedrvielas 3g, olbaltumvielas 7.4g, s\u0101ls 0.8g Uzglab\u0101t istabas temp, Fas\u0113ts:A\/S Di\u0101na, Durbes iela 38\/40,Ventspils<\/p>\n","protected":false},"excerpt":{"rendered":"<p>8.45 \u20ac\/kg<\/p>\n","protected":false},"featured_media":1255843,"template":"","meta":{"_acf_changed":false,"inline_featured_image":false},"product_cat":[125,139],"product_tag":[],"acf":[],"aioseo_notices":[],"_links":{"self":[{"href":"https:\/\/ventspils.citro.lv\/ru\/wp-json\/wp\/v2\/product\/111183"}],"collection":[{"href":"https:\/\/ventspils.citro.lv\/ru\/wp-json\/wp\/v2\/product"}],"about":[{"href":"https:\/\/ventspils.citro.lv\/ru\/wp-json\/wp\/v2\/types\/product"}],"wp:featuredmedia":[{"embeddable":true,"href":"https:\/\/ventspils.citro.lv\/ru\/wp-json\/wp\/v2\/media\/1255843"}],"wp:attachment":[{"href":"https:\/\/ventspils.citro.lv\/ru\/wp-json\/wp\/v2\/media?parent=111183"}],"wp:term":[{"taxonomy":"product_cat","embeddable":true,"href":"https:\/\/ventspils.citro.lv\/ru\/wp-json\/wp\/v2\/product_cat?post=111183"},{"taxonomy":"product_tag","embeddable":true,"href":"https:\/\/ventspils.citro.lv\/ru\/wp-json\/wp\/v2\/product_tag?post=111183"}],"curies":[{"name":"wp","href":"https:\/\/api.w.org\/{rel}","templated":true}]}}