{"id":111176,"date":"2026-04-18T01:30:21","date_gmt":"2026-04-17T22:30:21","guid":{"rendered":"https:\/\/ventspils.citro.lv\/veikals\/cepumi-mandelu-medus-tristurisi-laci-150g\/"},"modified":"2026-04-18T01:30:26","modified_gmt":"2026-04-17T22:30:26","slug":"cepumi-mandelu-medus-tristurisi-laci-150g","status":"publish","type":"product","link":"https:\/\/ventspils.citro.lv\/ru\/veikals\/cepumi-mandelu-medus-tristurisi-laci-150g\/","title":{"rendered":"Cepumi mande\u013cu medus tr\u012bst\u016br\u012b\u0161i L\u0101\u010di 150g"},"content":{"rendered":"","protected":false},"excerpt":{"rendered":"<p>25.93 \u20ac\/kg<\/p>\n","protected":false},"featured_media":1247122,"template":"","meta":{"_acf_changed":false,"inline_featured_image":false},"product_cat":[125,139],"product_tag":[],"acf":[],"aioseo_notices":[],"_links":{"self":[{"href":"https:\/\/ventspils.citro.lv\/ru\/wp-json\/wp\/v2\/product\/111176"}],"collection":[{"href":"https:\/\/ventspils.citro.lv\/ru\/wp-json\/wp\/v2\/product"}],"about":[{"href":"https:\/\/ventspils.citro.lv\/ru\/wp-json\/wp\/v2\/types\/product"}],"wp:featuredmedia":[{"embeddable":true,"href":"https:\/\/ventspils.citro.lv\/ru\/wp-json\/wp\/v2\/media\/1247122"}],"wp:attachment":[{"href":"https:\/\/ventspils.citro.lv\/ru\/wp-json\/wp\/v2\/media?parent=111176"}],"wp:term":[{"taxonomy":"product_cat","embeddable":true,"href":"https:\/\/ventspils.citro.lv\/ru\/wp-json\/wp\/v2\/product_cat?post=111176"},{"taxonomy":"product_tag","embeddable":true,"href":"https:\/\/ventspils.citro.lv\/ru\/wp-json\/wp\/v2\/product_tag?post=111176"}],"curies":[{"name":"wp","href":"https:\/\/api.w.org\/{rel}","templated":true}]}}