{"id":111150,"date":"2026-04-09T03:33:02","date_gmt":"2026-04-09T00:33:02","guid":{"rendered":"https:\/\/ventspils.citro.lv\/veikals\/konfektes-sokolades-asorti-ar-pildijumu-rosh-145g\/"},"modified":"2026-04-09T03:33:08","modified_gmt":"2026-04-09T00:33:08","slug":"konfeksu-karba-roshen-assorti-piena-sokolade-154g","status":"publish","type":"product","link":"https:\/\/ventspils.citro.lv\/ru\/veikals\/konfeksu-karba-roshen-assorti-piena-sokolade-154g\/","title":{"rendered":"Konfek\u0161u k\u0101rba Roshen assorti piena \u0161okol\u0101de 154g"},"content":{"rendered":"","protected":false},"excerpt":{"rendered":"<p>17.95 \u20ac\/kg<\/p>\n","protected":false},"featured_media":1242084,"template":"","meta":{"_acf_changed":false,"inline_featured_image":false},"product_cat":[125,200],"product_tag":[],"acf":[],"aioseo_notices":[],"_links":{"self":[{"href":"https:\/\/ventspils.citro.lv\/ru\/wp-json\/wp\/v2\/product\/111150"}],"collection":[{"href":"https:\/\/ventspils.citro.lv\/ru\/wp-json\/wp\/v2\/product"}],"about":[{"href":"https:\/\/ventspils.citro.lv\/ru\/wp-json\/wp\/v2\/types\/product"}],"wp:featuredmedia":[{"embeddable":true,"href":"https:\/\/ventspils.citro.lv\/ru\/wp-json\/wp\/v2\/media\/1242084"}],"wp:attachment":[{"href":"https:\/\/ventspils.citro.lv\/ru\/wp-json\/wp\/v2\/media?parent=111150"}],"wp:term":[{"taxonomy":"product_cat","embeddable":true,"href":"https:\/\/ventspils.citro.lv\/ru\/wp-json\/wp\/v2\/product_cat?post=111150"},{"taxonomy":"product_tag","embeddable":true,"href":"https:\/\/ventspils.citro.lv\/ru\/wp-json\/wp\/v2\/product_tag?post=111150"}],"curies":[{"name":"wp","href":"https:\/\/api.w.org\/{rel}","templated":true}]}}