{"id":1111126,"date":"2026-04-17T02:12:02","date_gmt":"2026-04-16T23:12:02","guid":{"rendered":"https:\/\/ventspils.citro.lv\/veikals\/konservi-makreles-fileja-tomatu-merce-170g\/"},"modified":"2026-04-17T02:12:13","modified_gmt":"2026-04-16T23:12:13","slug":"konservi-makreles-fileja-tomatu-merce-170g","status":"publish","type":"product","link":"https:\/\/ventspils.citro.lv\/ru\/veikals\/konservi-makreles-fileja-tomatu-merce-170g\/","title":{"rendered":"Konservi Makreles fileja tom\u0101tu m\u0113rc\u0113 170g"},"content":{"rendered":"","protected":false},"excerpt":{"rendered":"<p>11.12 \u20ac\/kg<\/p>\n","protected":false},"featured_media":1246927,"template":"","meta":{"_acf_changed":false,"inline_featured_image":false},"product_cat":[540,135],"product_tag":[],"acf":[],"aioseo_notices":[],"_links":{"self":[{"href":"https:\/\/ventspils.citro.lv\/ru\/wp-json\/wp\/v2\/product\/1111126"}],"collection":[{"href":"https:\/\/ventspils.citro.lv\/ru\/wp-json\/wp\/v2\/product"}],"about":[{"href":"https:\/\/ventspils.citro.lv\/ru\/wp-json\/wp\/v2\/types\/product"}],"wp:featuredmedia":[{"embeddable":true,"href":"https:\/\/ventspils.citro.lv\/ru\/wp-json\/wp\/v2\/media\/1246927"}],"wp:attachment":[{"href":"https:\/\/ventspils.citro.lv\/ru\/wp-json\/wp\/v2\/media?parent=1111126"}],"wp:term":[{"taxonomy":"product_cat","embeddable":true,"href":"https:\/\/ventspils.citro.lv\/ru\/wp-json\/wp\/v2\/product_cat?post=1111126"},{"taxonomy":"product_tag","embeddable":true,"href":"https:\/\/ventspils.citro.lv\/ru\/wp-json\/wp\/v2\/product_tag?post=1111126"}],"curies":[{"name":"wp","href":"https:\/\/api.w.org\/{rel}","templated":true}]}}