{"id":1111125,"date":"2026-04-30T02:54:27","date_gmt":"2026-04-29T23:54:27","guid":{"rendered":"https:\/\/ventspils.citro.lv\/veikals\/konservi-makreles-fileja-ella-170g\/"},"modified":"2026-04-30T02:54:37","modified_gmt":"2026-04-29T23:54:37","slug":"konservi-makreles-fileja-ella-170g","status":"publish","type":"product","link":"https:\/\/ventspils.citro.lv\/ru\/veikals\/konservi-makreles-fileja-ella-170g\/","title":{"rendered":"Konservi Makreles fileja e\u013c\u013c\u0101 170g"},"content":{"rendered":"","protected":false},"excerpt":{"rendered":"<p>10.53 \u20ac\/kg<\/p>\n","protected":false},"featured_media":1255200,"template":"","meta":{"_acf_changed":false,"inline_featured_image":false},"product_cat":[540,135],"product_tag":[],"acf":[],"aioseo_notices":[],"_links":{"self":[{"href":"https:\/\/ventspils.citro.lv\/ru\/wp-json\/wp\/v2\/product\/1111125"}],"collection":[{"href":"https:\/\/ventspils.citro.lv\/ru\/wp-json\/wp\/v2\/product"}],"about":[{"href":"https:\/\/ventspils.citro.lv\/ru\/wp-json\/wp\/v2\/types\/product"}],"wp:featuredmedia":[{"embeddable":true,"href":"https:\/\/ventspils.citro.lv\/ru\/wp-json\/wp\/v2\/media\/1255200"}],"wp:attachment":[{"href":"https:\/\/ventspils.citro.lv\/ru\/wp-json\/wp\/v2\/media?parent=1111125"}],"wp:term":[{"taxonomy":"product_cat","embeddable":true,"href":"https:\/\/ventspils.citro.lv\/ru\/wp-json\/wp\/v2\/product_cat?post=1111125"},{"taxonomy":"product_tag","embeddable":true,"href":"https:\/\/ventspils.citro.lv\/ru\/wp-json\/wp\/v2\/product_tag?post=1111125"}],"curies":[{"name":"wp","href":"https:\/\/api.w.org\/{rel}","templated":true}]}}