{"id":1111124,"date":"2026-04-24T11:21:45","date_gmt":"2026-04-24T08:21:45","guid":{"rendered":"https:\/\/ventspils.citro.lv\/veikals\/konservi-sprotes-tomatu-merce-170g\/"},"modified":"2026-04-29T16:42:47","modified_gmt":"2026-04-29T13:42:47","slug":"konservi-sprotes-tomatu-merce-170g","status":"publish","type":"product","link":"https:\/\/ventspils.citro.lv\/ru\/veikals\/konservi-sprotes-tomatu-merce-170g\/","title":{"rendered":"Konservi \u0160protes tom\u0101tu m\u0113rc\u0113 170g"},"content":{"rendered":"","protected":false},"excerpt":{"rendered":"<p>7.00 \u20ac\/kg<\/p>\n","protected":false},"featured_media":1253290,"template":"","meta":{"_acf_changed":false,"inline_featured_image":false},"product_cat":[540,135],"product_tag":[],"acf":[],"aioseo_notices":[],"_links":{"self":[{"href":"https:\/\/ventspils.citro.lv\/ru\/wp-json\/wp\/v2\/product\/1111124"}],"collection":[{"href":"https:\/\/ventspils.citro.lv\/ru\/wp-json\/wp\/v2\/product"}],"about":[{"href":"https:\/\/ventspils.citro.lv\/ru\/wp-json\/wp\/v2\/types\/product"}],"wp:featuredmedia":[{"embeddable":true,"href":"https:\/\/ventspils.citro.lv\/ru\/wp-json\/wp\/v2\/media\/1253290"}],"wp:attachment":[{"href":"https:\/\/ventspils.citro.lv\/ru\/wp-json\/wp\/v2\/media?parent=1111124"}],"wp:term":[{"taxonomy":"product_cat","embeddable":true,"href":"https:\/\/ventspils.citro.lv\/ru\/wp-json\/wp\/v2\/product_cat?post=1111124"},{"taxonomy":"product_tag","embeddable":true,"href":"https:\/\/ventspils.citro.lv\/ru\/wp-json\/wp\/v2\/product_tag?post=1111124"}],"curies":[{"name":"wp","href":"https:\/\/api.w.org\/{rel}","templated":true}]}}