{"id":111107,"date":"2026-04-24T07:48:31","date_gmt":"2026-04-24T04:48:31","guid":{"rendered":"https:\/\/ventspils.citro.lv\/veikals\/olivella-extra-virgin-aerosols-200ml\/"},"modified":"2026-04-24T07:48:41","modified_gmt":"2026-04-24T04:48:41","slug":"olivella-extra-virgin-aerosols-200ml","status":"publish","type":"product","link":"https:\/\/ventspils.citro.lv\/ru\/veikals\/olivella-extra-virgin-aerosols-200ml\/","title":{"rendered":"Ol\u012bve\u013c\u013ca Extra Virgin (Aerosols) 200ml"},"content":{"rendered":"","protected":false},"excerpt":{"rendered":"<p>8.58 \u20ac\/l<\/p>\n","protected":false},"featured_media":1252394,"template":"","meta":{"_acf_changed":false,"inline_featured_image":false},"product_cat":[116,164],"product_tag":[],"acf":[],"aioseo_notices":[],"_links":{"self":[{"href":"https:\/\/ventspils.citro.lv\/ru\/wp-json\/wp\/v2\/product\/111107"}],"collection":[{"href":"https:\/\/ventspils.citro.lv\/ru\/wp-json\/wp\/v2\/product"}],"about":[{"href":"https:\/\/ventspils.citro.lv\/ru\/wp-json\/wp\/v2\/types\/product"}],"wp:featuredmedia":[{"embeddable":true,"href":"https:\/\/ventspils.citro.lv\/ru\/wp-json\/wp\/v2\/media\/1252394"}],"wp:attachment":[{"href":"https:\/\/ventspils.citro.lv\/ru\/wp-json\/wp\/v2\/media?parent=111107"}],"wp:term":[{"taxonomy":"product_cat","embeddable":true,"href":"https:\/\/ventspils.citro.lv\/ru\/wp-json\/wp\/v2\/product_cat?post=111107"},{"taxonomy":"product_tag","embeddable":true,"href":"https:\/\/ventspils.citro.lv\/ru\/wp-json\/wp\/v2\/product_tag?post=111107"}],"curies":[{"name":"wp","href":"https:\/\/api.w.org\/{rel}","templated":true}]}}