{"id":1109031,"date":"2026-04-28T04:45:42","date_gmt":"2026-04-28T01:45:42","guid":{"rendered":"https:\/\/ventspils.citro.lv\/veikals\/gurki-marineti-dimdini-klasiskie-660g-330g\/"},"modified":"2026-04-28T04:45:52","modified_gmt":"2026-04-28T01:45:52","slug":"gurki-marineti-dimdini-klasiskie-660g-330g","status":"publish","type":"product","link":"https:\/\/ventspils.citro.lv\/ru\/veikals\/gurki-marineti-dimdini-klasiskie-660g-330g\/","title":{"rendered":"Gur\u0137i marin\u0113ti Dimdi\u0146i klasiskie 660g\/330g"},"content":{"rendered":"","protected":false},"excerpt":{"rendered":"<p>3.92 \u20ac\/kg<\/p>\n","protected":false},"featured_media":1254634,"template":"","meta":{"_acf_changed":false,"inline_featured_image":false},"product_cat":[103,140],"product_tag":[],"acf":[],"aioseo_notices":[],"_links":{"self":[{"href":"https:\/\/ventspils.citro.lv\/ru\/wp-json\/wp\/v2\/product\/1109031"}],"collection":[{"href":"https:\/\/ventspils.citro.lv\/ru\/wp-json\/wp\/v2\/product"}],"about":[{"href":"https:\/\/ventspils.citro.lv\/ru\/wp-json\/wp\/v2\/types\/product"}],"wp:featuredmedia":[{"embeddable":true,"href":"https:\/\/ventspils.citro.lv\/ru\/wp-json\/wp\/v2\/media\/1254634"}],"wp:attachment":[{"href":"https:\/\/ventspils.citro.lv\/ru\/wp-json\/wp\/v2\/media?parent=1109031"}],"wp:term":[{"taxonomy":"product_cat","embeddable":true,"href":"https:\/\/ventspils.citro.lv\/ru\/wp-json\/wp\/v2\/product_cat?post=1109031"},{"taxonomy":"product_tag","embeddable":true,"href":"https:\/\/ventspils.citro.lv\/ru\/wp-json\/wp\/v2\/product_tag?post=1109031"}],"curies":[{"name":"wp","href":"https:\/\/api.w.org\/{rel}","templated":true}]}}