{"id":110866,"date":"2026-05-12T04:51:36","date_gmt":"2026-05-12T01:51:36","guid":{"rendered":"https:\/\/ventspils.citro.lv\/veikals\/parslas-herkuless-atri-pagat-ar-zemenem-35g\/"},"modified":"2026-05-12T04:51:46","modified_gmt":"2026-05-12T01:51:46","slug":"parslas-herkuless-atri-pagat-ar-zemenem-35g","status":"publish","type":"product","link":"https:\/\/ventspils.citro.lv\/ru\/veikals\/parslas-herkuless-atri-pagat-ar-zemenem-35g\/","title":{"rendered":"P\u0101rslas Herkuless \u0101tri pagat.ar zemen\u0113m 35g"},"content":{"rendered":"","protected":false},"excerpt":{"rendered":"<p>16.86 \u20ac\/kg<\/p>\n","protected":false},"featured_media":1258945,"template":"","meta":{"_acf_changed":false,"inline_featured_image":false},"product_cat":[118,123],"product_tag":[],"acf":[],"aioseo_notices":[],"_links":{"self":[{"href":"https:\/\/ventspils.citro.lv\/ru\/wp-json\/wp\/v2\/product\/110866"}],"collection":[{"href":"https:\/\/ventspils.citro.lv\/ru\/wp-json\/wp\/v2\/product"}],"about":[{"href":"https:\/\/ventspils.citro.lv\/ru\/wp-json\/wp\/v2\/types\/product"}],"wp:featuredmedia":[{"embeddable":true,"href":"https:\/\/ventspils.citro.lv\/ru\/wp-json\/wp\/v2\/media\/1258945"}],"wp:attachment":[{"href":"https:\/\/ventspils.citro.lv\/ru\/wp-json\/wp\/v2\/media?parent=110866"}],"wp:term":[{"taxonomy":"product_cat","embeddable":true,"href":"https:\/\/ventspils.citro.lv\/ru\/wp-json\/wp\/v2\/product_cat?post=110866"},{"taxonomy":"product_tag","embeddable":true,"href":"https:\/\/ventspils.citro.lv\/ru\/wp-json\/wp\/v2\/product_tag?post=110866"}],"curies":[{"name":"wp","href":"https:\/\/api.w.org\/{rel}","templated":true}]}}