{"id":110765,"date":"2026-04-24T04:33:15","date_gmt":"2026-04-24T01:33:15","guid":{"rendered":"https:\/\/ventspils.citro.lv\/veikals\/milti-kviesu-ekstra-valdo-2kg\/"},"modified":"2026-04-24T04:33:19","modified_gmt":"2026-04-24T01:33:19","slug":"milti-kviesu-valdo-augstaka-labuma-2kg","status":"publish","type":"product","link":"https:\/\/ventspils.citro.lv\/ru\/veikals\/milti-kviesu-valdo-augstaka-labuma-2kg\/","title":{"rendered":"Milti kvie\u0161u Valdo augst\u0101k\u0101 labuma 2kg"},"content":{"rendered":"","protected":false},"excerpt":{"rendered":"<p>1.20 \u20ac\/kg<\/p>\n","protected":false},"featured_media":1251549,"template":"","meta":{"_acf_changed":false,"inline_featured_image":false},"product_cat":[118,119],"product_tag":[],"acf":[],"aioseo_notices":[],"_links":{"self":[{"href":"https:\/\/ventspils.citro.lv\/ru\/wp-json\/wp\/v2\/product\/110765"}],"collection":[{"href":"https:\/\/ventspils.citro.lv\/ru\/wp-json\/wp\/v2\/product"}],"about":[{"href":"https:\/\/ventspils.citro.lv\/ru\/wp-json\/wp\/v2\/types\/product"}],"wp:featuredmedia":[{"embeddable":true,"href":"https:\/\/ventspils.citro.lv\/ru\/wp-json\/wp\/v2\/media\/1251549"}],"wp:attachment":[{"href":"https:\/\/ventspils.citro.lv\/ru\/wp-json\/wp\/v2\/media?parent=110765"}],"wp:term":[{"taxonomy":"product_cat","embeddable":true,"href":"https:\/\/ventspils.citro.lv\/ru\/wp-json\/wp\/v2\/product_cat?post=110765"},{"taxonomy":"product_tag","embeddable":true,"href":"https:\/\/ventspils.citro.lv\/ru\/wp-json\/wp\/v2\/product_tag?post=110765"}],"curies":[{"name":"wp","href":"https:\/\/api.w.org\/{rel}","templated":true}]}}