{"id":110717,"date":"2026-04-08T02:21:59","date_gmt":"2026-04-07T23:21:59","guid":{"rendered":"https:\/\/ventspils.citro.lv\/veikals\/konfektes-chewits-strawberry-29g\/"},"modified":"2026-04-08T02:22:05","modified_gmt":"2026-04-07T23:22:05","slug":"konfektes-koslaj-chewits-strawberry-29g","status":"publish","type":"product","link":"https:\/\/ventspils.citro.lv\/ru\/veikals\/konfektes-koslaj-chewits-strawberry-29g\/","title":{"rendered":"Konfektes ko\u0161\u013c\u0101j.Chewits Strawberry 29g"},"content":{"rendered":"","protected":false},"excerpt":{"rendered":"<p>14.80 \u20ac\/kg<\/p>\n","protected":false},"featured_media":1240275,"template":"","meta":{"_acf_changed":false,"inline_featured_image":false},"product_cat":[533,125],"product_tag":[],"acf":[],"aioseo_notices":[],"_links":{"self":[{"href":"https:\/\/ventspils.citro.lv\/ru\/wp-json\/wp\/v2\/product\/110717"}],"collection":[{"href":"https:\/\/ventspils.citro.lv\/ru\/wp-json\/wp\/v2\/product"}],"about":[{"href":"https:\/\/ventspils.citro.lv\/ru\/wp-json\/wp\/v2\/types\/product"}],"wp:featuredmedia":[{"embeddable":true,"href":"https:\/\/ventspils.citro.lv\/ru\/wp-json\/wp\/v2\/media\/1240275"}],"wp:attachment":[{"href":"https:\/\/ventspils.citro.lv\/ru\/wp-json\/wp\/v2\/media?parent=110717"}],"wp:term":[{"taxonomy":"product_cat","embeddable":true,"href":"https:\/\/ventspils.citro.lv\/ru\/wp-json\/wp\/v2\/product_cat?post=110717"},{"taxonomy":"product_tag","embeddable":true,"href":"https:\/\/ventspils.citro.lv\/ru\/wp-json\/wp\/v2\/product_tag?post=110717"}],"curies":[{"name":"wp","href":"https:\/\/api.w.org\/{rel}","templated":true}]}}