{"id":110694,"date":"2026-05-12T03:09:44","date_gmt":"2026-05-12T00:09:44","guid":{"rendered":"https:\/\/ventspils.citro.lv\/veikals\/maisijums-pankukas-kartupelu-200g\/"},"modified":"2026-05-12T03:09:49","modified_gmt":"2026-05-12T00:09:49","slug":"maisijums-pankukas-kartupelu-200g","status":"publish","type":"product","link":"https:\/\/ventspils.citro.lv\/ru\/veikals\/maisijums-pankukas-kartupelu-200g\/","title":{"rendered":"Mais\u012bjums Pank\u016bkas kartupe\u013cu 200g"},"content":{"rendered":"","protected":false},"excerpt":{"rendered":"<p>6.25 \u20ac\/kg<\/p>\n","protected":false},"featured_media":1258488,"template":"","meta":{"_acf_changed":false,"inline_featured_image":false},"product_cat":[118,120],"product_tag":[],"acf":[],"aioseo_notices":[],"_links":{"self":[{"href":"https:\/\/ventspils.citro.lv\/ru\/wp-json\/wp\/v2\/product\/110694"}],"collection":[{"href":"https:\/\/ventspils.citro.lv\/ru\/wp-json\/wp\/v2\/product"}],"about":[{"href":"https:\/\/ventspils.citro.lv\/ru\/wp-json\/wp\/v2\/types\/product"}],"wp:featuredmedia":[{"embeddable":true,"href":"https:\/\/ventspils.citro.lv\/ru\/wp-json\/wp\/v2\/media\/1258488"}],"wp:attachment":[{"href":"https:\/\/ventspils.citro.lv\/ru\/wp-json\/wp\/v2\/media?parent=110694"}],"wp:term":[{"taxonomy":"product_cat","embeddable":true,"href":"https:\/\/ventspils.citro.lv\/ru\/wp-json\/wp\/v2\/product_cat?post=110694"},{"taxonomy":"product_tag","embeddable":true,"href":"https:\/\/ventspils.citro.lv\/ru\/wp-json\/wp\/v2\/product_tag?post=110694"}],"curies":[{"name":"wp","href":"https:\/\/api.w.org\/{rel}","templated":true}]}}