{"id":1105474,"date":"2026-04-11T01:45:49","date_gmt":"2026-04-10T22:45:49","guid":{"rendered":"https:\/\/ventspils.citro.lv\/veikals\/ella-saulespuku-rafineta-gulyai-pole-1l\/"},"modified":"2026-04-11T01:45:54","modified_gmt":"2026-04-10T22:45:54","slug":"ella-saulespuku-rafineta-gulyai-pole-1l","status":"publish","type":"product","link":"https:\/\/ventspils.citro.lv\/ru\/veikals\/ella-saulespuku-rafineta-gulyai-pole-1l\/","title":{"rendered":"E\u013c\u013ca saulespu\u0137u rafin\u0113ta Gulyai Pole 1l"},"content":{"rendered":"","protected":false},"excerpt":{"rendered":"<p>1.99 \u20ac\/l<\/p>\n","protected":false},"featured_media":1244653,"template":"","meta":{"_acf_changed":false,"inline_featured_image":false},"product_cat":[116,164],"product_tag":[],"acf":[],"aioseo_notices":[],"_links":{"self":[{"href":"https:\/\/ventspils.citro.lv\/ru\/wp-json\/wp\/v2\/product\/1105474"}],"collection":[{"href":"https:\/\/ventspils.citro.lv\/ru\/wp-json\/wp\/v2\/product"}],"about":[{"href":"https:\/\/ventspils.citro.lv\/ru\/wp-json\/wp\/v2\/types\/product"}],"wp:featuredmedia":[{"embeddable":true,"href":"https:\/\/ventspils.citro.lv\/ru\/wp-json\/wp\/v2\/media\/1244653"}],"wp:attachment":[{"href":"https:\/\/ventspils.citro.lv\/ru\/wp-json\/wp\/v2\/media?parent=1105474"}],"wp:term":[{"taxonomy":"product_cat","embeddable":true,"href":"https:\/\/ventspils.citro.lv\/ru\/wp-json\/wp\/v2\/product_cat?post=1105474"},{"taxonomy":"product_tag","embeddable":true,"href":"https:\/\/ventspils.citro.lv\/ru\/wp-json\/wp\/v2\/product_tag?post=1105474"}],"curies":[{"name":"wp","href":"https:\/\/api.w.org\/{rel}","templated":true}]}}