{"id":1105471,"date":"2026-04-23T11:27:35","date_gmt":"2026-04-23T08:27:35","guid":{"rendered":"https:\/\/ventspils.citro.lv\/veikals\/konfektes-zelejas-kirsu-naskis-bits-70g\/"},"modified":"2026-04-23T11:27:40","modified_gmt":"2026-04-23T08:27:40","slug":"konfektes-zelejas-kirsu-naskis-bits-70g","status":"publish","type":"product","link":"https:\/\/ventspils.citro.lv\/ru\/veikals\/konfektes-zelejas-kirsu-naskis-bits-70g\/","title":{"rendered":"Konfektes \u017eelejas \u0137ir\u0161u na\u0161\u0137is Bits! 70g"},"content":{"rendered":"","protected":false},"excerpt":{"rendered":"<p>28.43 \u20ac\/kg<\/p>\n","protected":false},"featured_media":1251075,"template":"","meta":{"_acf_changed":false,"inline_featured_image":false},"product_cat":[533,125],"product_tag":[],"acf":[],"aioseo_notices":[],"_links":{"self":[{"href":"https:\/\/ventspils.citro.lv\/ru\/wp-json\/wp\/v2\/product\/1105471"}],"collection":[{"href":"https:\/\/ventspils.citro.lv\/ru\/wp-json\/wp\/v2\/product"}],"about":[{"href":"https:\/\/ventspils.citro.lv\/ru\/wp-json\/wp\/v2\/types\/product"}],"wp:featuredmedia":[{"embeddable":true,"href":"https:\/\/ventspils.citro.lv\/ru\/wp-json\/wp\/v2\/media\/1251075"}],"wp:attachment":[{"href":"https:\/\/ventspils.citro.lv\/ru\/wp-json\/wp\/v2\/media?parent=1105471"}],"wp:term":[{"taxonomy":"product_cat","embeddable":true,"href":"https:\/\/ventspils.citro.lv\/ru\/wp-json\/wp\/v2\/product_cat?post=1105471"},{"taxonomy":"product_tag","embeddable":true,"href":"https:\/\/ventspils.citro.lv\/ru\/wp-json\/wp\/v2\/product_tag?post=1105471"}],"curies":[{"name":"wp","href":"https:\/\/api.w.org\/{rel}","templated":true}]}}