{"id":1105461,"date":"2026-04-10T09:33:57","date_gmt":"2026-04-10T06:33:57","guid":{"rendered":"https:\/\/ventspils.citro.lv\/veikals\/batonins-axa-ar-dzervenem-rozinem-seklam-un-medu-30g\/"},"modified":"2026-04-10T09:34:06","modified_gmt":"2026-04-10T06:34:06","slug":"batonins-axa-ar-dzervenem-rozinem-seklam-un-medu-30g","status":"publish","type":"product","link":"https:\/\/ventspils.citro.lv\/ru\/veikals\/batonins-axa-ar-dzervenem-rozinem-seklam-un-medu-30g\/","title":{"rendered":"Batoni\u0146\u0161 Axa ar dz\u0113rven\u0113m, roz\u012bn\u0113m, s\u0113kl\u0101m un medu 30g"},"content":{"rendered":"<p>AUZU p\u0101rslas 29.4%, cietes s\u012brups, kalt\u0113tu dz\u0113rve\u0146u gabali\u0146i 16.1%, grauzd\u0113tas \u0137irbju s\u0113klas 13.3%, roz\u012bnes 10.5%, dab\u012bgais MEDUS 5.1%, \u0101bolu sula koncentr\u0113ta, maltodekstr\u012bns, saulespu\u0137u e\u013c\u013ca ar augstu ole\u012bnsk\u0101bes rafin\u0113ta dezodor\u0113ta sald\u0113ta ar antioksidantu E306, ogu mais\u012bjums. kazenes), mitrin\u0101t\u0101js: glicer\u012bns, sk\u0101buma regul\u0113t\u0101js: citronsk\u0101be E 330, emulgators SOJAS  lecit\u012bns E 322, s\u0101ls. Var satur\u0113t KVIE\u0160U, ZEMESRIEKSTU da\u013ci\u0146as<\/p>\n","protected":false},"excerpt":{"rendered":"<p>19.67 \u20ac\/kg<\/p>\n","protected":false},"featured_media":1244192,"template":"","meta":{"_acf_changed":false,"inline_featured_image":false},"product_cat":[613,125],"product_tag":[],"acf":[],"aioseo_notices":[],"_links":{"self":[{"href":"https:\/\/ventspils.citro.lv\/ru\/wp-json\/wp\/v2\/product\/1105461"}],"collection":[{"href":"https:\/\/ventspils.citro.lv\/ru\/wp-json\/wp\/v2\/product"}],"about":[{"href":"https:\/\/ventspils.citro.lv\/ru\/wp-json\/wp\/v2\/types\/product"}],"wp:featuredmedia":[{"embeddable":true,"href":"https:\/\/ventspils.citro.lv\/ru\/wp-json\/wp\/v2\/media\/1244192"}],"wp:attachment":[{"href":"https:\/\/ventspils.citro.lv\/ru\/wp-json\/wp\/v2\/media?parent=1105461"}],"wp:term":[{"taxonomy":"product_cat","embeddable":true,"href":"https:\/\/ventspils.citro.lv\/ru\/wp-json\/wp\/v2\/product_cat?post=1105461"},{"taxonomy":"product_tag","embeddable":true,"href":"https:\/\/ventspils.citro.lv\/ru\/wp-json\/wp\/v2\/product_tag?post=1105461"}],"curies":[{"name":"wp","href":"https:\/\/api.w.org\/{rel}","templated":true}]}}