{"id":1105460,"date":"2026-04-19T01:12:39","date_gmt":"2026-04-18T22:12:39","guid":{"rendered":"https:\/\/ventspils.citro.lv\/veikals\/batonins-axa-ar-mandelem-sokoladi-riekstiem-un-medu-30g\/"},"modified":"2026-04-19T01:12:47","modified_gmt":"2026-04-18T22:12:47","slug":"batonins-axa-ar-mandelem-sokoladi-riekstiem-un-medu-30g","status":"publish","type":"product","link":"https:\/\/ventspils.citro.lv\/ru\/veikals\/batonins-axa-ar-mandelem-sokoladi-riekstiem-un-medu-30g\/","title":{"rendered":"Batoni\u0146\u0161 Axa ar mandel\u0113m, \u0161okol\u0101di, riekstiem un medu 30g"},"content":{"rendered":"<p>AUZU p\u0101rslas 31,5%, grauzd\u0113ti ZEMESRIEKSTI 20,7%, cietes s\u012brups, grauzd\u0113ts MANDE\u013bU kodols 10,5%, dab\u012bgais MEDUS 5,1%, \u0161okol\u0101de ar saldin\u0101t\u0101jiem 4,7%, emulgators (SOJAS lecit\u012bns E 322), vanil\u012bna aromatiz\u0113t\u0101js), koncentr\u0113ta \u0101bolu sula, saulespu\u0137u e\u013c\u013ca ar augstu ole\u012bnsk\u0101bes reflektantu6. maltodekstr\u012bns, mitrin\u0101t\u0101js: glicer\u012bns, sk\u0101buma regul\u0113t\u0101js: citronsk\u0101be E 330, emulgators SOJAS lecit\u012bns E 322, s\u0101ls.<\/p>\n","protected":false},"excerpt":{"rendered":"<p>33.00 \u20ac\/kg<\/p>\n","protected":false},"featured_media":1247327,"template":"","meta":{"_acf_changed":false,"inline_featured_image":false},"product_cat":[613,125],"product_tag":[],"acf":[],"aioseo_notices":[],"_links":{"self":[{"href":"https:\/\/ventspils.citro.lv\/ru\/wp-json\/wp\/v2\/product\/1105460"}],"collection":[{"href":"https:\/\/ventspils.citro.lv\/ru\/wp-json\/wp\/v2\/product"}],"about":[{"href":"https:\/\/ventspils.citro.lv\/ru\/wp-json\/wp\/v2\/types\/product"}],"wp:featuredmedia":[{"embeddable":true,"href":"https:\/\/ventspils.citro.lv\/ru\/wp-json\/wp\/v2\/media\/1247327"}],"wp:attachment":[{"href":"https:\/\/ventspils.citro.lv\/ru\/wp-json\/wp\/v2\/media?parent=1105460"}],"wp:term":[{"taxonomy":"product_cat","embeddable":true,"href":"https:\/\/ventspils.citro.lv\/ru\/wp-json\/wp\/v2\/product_cat?post=1105460"},{"taxonomy":"product_tag","embeddable":true,"href":"https:\/\/ventspils.citro.lv\/ru\/wp-json\/wp\/v2\/product_tag?post=1105460"}],"curies":[{"name":"wp","href":"https:\/\/api.w.org\/{rel}","templated":true}]}}