{"id":1105432,"date":"2026-02-04T01:54:02","date_gmt":"2026-02-03T23:54:02","guid":{"rendered":"https:\/\/ventspils.citro.lv\/veikals\/velas-mikstinatajs-silan-floral-chrisp-770ml\/"},"modified":"2026-02-04T01:54:12","modified_gmt":"2026-02-03T23:54:12","slug":"velas-mikstinatajs-silan-floral-chrisp-770ml","status":"publish","type":"product","link":"https:\/\/ventspils.citro.lv\/ru\/veikals\/velas-mikstinatajs-silan-floral-chrisp-770ml\/","title":{"rendered":"Ve\u013cas m\u012bkstin\u0101t\u0101js Silan Floral Chrisp 770ml"},"content":{"rendered":"","protected":false},"excerpt":{"rendered":"<p>4.92 \u20ac\/l<\/p>\n","protected":false},"featured_media":1205041,"template":"","meta":{"_acf_changed":false,"inline_featured_image":false},"product_cat":[131,184],"product_tag":[],"acf":[],"aioseo_notices":[],"_links":{"self":[{"href":"https:\/\/ventspils.citro.lv\/ru\/wp-json\/wp\/v2\/product\/1105432"}],"collection":[{"href":"https:\/\/ventspils.citro.lv\/ru\/wp-json\/wp\/v2\/product"}],"about":[{"href":"https:\/\/ventspils.citro.lv\/ru\/wp-json\/wp\/v2\/types\/product"}],"wp:featuredmedia":[{"embeddable":true,"href":"https:\/\/ventspils.citro.lv\/ru\/wp-json\/wp\/v2\/media\/1205041"}],"wp:attachment":[{"href":"https:\/\/ventspils.citro.lv\/ru\/wp-json\/wp\/v2\/media?parent=1105432"}],"wp:term":[{"taxonomy":"product_cat","embeddable":true,"href":"https:\/\/ventspils.citro.lv\/ru\/wp-json\/wp\/v2\/product_cat?post=1105432"},{"taxonomy":"product_tag","embeddable":true,"href":"https:\/\/ventspils.citro.lv\/ru\/wp-json\/wp\/v2\/product_tag?post=1105432"}],"curies":[{"name":"wp","href":"https:\/\/api.w.org\/{rel}","templated":true}]}}